{"id":94,"date":"2023-11-11T01:04:28","date_gmt":"2023-11-11T00:04:28","guid":{"rendered":"https:\/\/laser19.fr\/?post_type=product&#038;p=94"},"modified":"2023-11-18T22:55:37","modified_gmt":"2023-11-18T21:55:37","slug":"horloge-murale-bob-marley","status":"publish","type":"product","link":"https:\/\/laser19.fr\/index.php\/produit\/horloge-murale-bob-marley\/","title":{"rendered":"Horloge murale Bob Marley"},"content":{"rendered":"<p>Horloge murale originale en bois Bob Marley . Fabriqu\u00e9e par d\u00e9coupe laser . . Elle fonctionne avec un m\u00e9canisme silencieux utilisant une pile AA non fournie .<br \/>\nCette horloge allie l&#8217;utilit\u00e9 et une d\u00e9coration originale qui peut s&#8217;afficher dans n&#8217;importe quelle pi\u00e8ce de la maison.<br \/>\nL&#8217;horloge Bob Marley s&#8217;accroche facilement a un mur . Elle peut \u00eatre soutenue dans probl\u00e8me par un clou .<br \/>\nL&#8217;horloge est peinte a la main ce qui en fait un mod\u00e8le unique a chaque fois . le d\u00e9grad\u00e9 \u00e9tant jamais le m\u00eame.<\/p>\n<p>Diam\u00e8tre 35 cm<br \/>\n\u00e9paisseur totale avec les aiguilles 10 mm<\/p>\n<p>L&#8217;horloge Bob Marley\u00a0 est une fabrication artisanale dans notre atelier de Corr\u00e8ze .<\/p>\n<p>Made in France<\/p>\n<p>Si vous une id\u00e9e d&#8217;une horloge murale personnalis\u00e9e avec un th\u00e8me sp\u00e9cifique\u00a0 , n&#8217;h\u00e9sitez pas a nous contacter\u00a0 : Contact@laser19.fr<\/p>\n","protected":false},"excerpt":{"rendered":"<p>Horloge murale originale en bois Bob Marley<\/p>\n","protected":false},"featured_media":95,"comment_status":"open","ping_status":"closed","template":"","meta":[],"product_brand":[],"product_cat":[18],"product_tag":[36,77,70,71,81,43],"class_list":{"0":"post-94","1":"product","2":"type-product","3":"status-publish","4":"has-post-thumbnail","6":"product_cat-horloges-murale","7":"product_tag-decoration-murale","8":"product_tag-decoupe-laser","9":"product_tag-horloge","10":"product_tag-pendule","11":"product_tag-regaie","12":"product_tag-reggae","13":"product_shipping_class-point-relais","15":"first","16":"instock","17":"shipping-taxable","18":"purchasable","19":"product-type-simple"},"jetpack_sharing_enabled":true,"_links":{"self":[{"href":"https:\/\/laser19.fr\/index.php\/wp-json\/wp\/v2\/product\/94","targetHints":{"allow":["GET"]}}],"collection":[{"href":"https:\/\/laser19.fr\/index.php\/wp-json\/wp\/v2\/product"}],"about":[{"href":"https:\/\/laser19.fr\/index.php\/wp-json\/wp\/v2\/types\/product"}],"replies":[{"embeddable":true,"href":"https:\/\/laser19.fr\/index.php\/wp-json\/wp\/v2\/comments?post=94"}],"wp:featuredmedia":[{"embeddable":true,"href":"https:\/\/laser19.fr\/index.php\/wp-json\/wp\/v2\/media\/95"}],"wp:attachment":[{"href":"https:\/\/laser19.fr\/index.php\/wp-json\/wp\/v2\/media?parent=94"}],"wp:term":[{"taxonomy":"product_brand","embeddable":true,"href":"https:\/\/laser19.fr\/index.php\/wp-json\/wp\/v2\/product_brand?post=94"},{"taxonomy":"product_cat","embeddable":true,"href":"https:\/\/laser19.fr\/index.php\/wp-json\/wp\/v2\/product_cat?post=94"},{"taxonomy":"product_tag","embeddable":true,"href":"https:\/\/laser19.fr\/index.php\/wp-json\/wp\/v2\/product_tag?post=94"}],"curies":[{"name":"wp","href":"https:\/\/api.w.org\/{rel}","templated":true}]}}