{"id":91,"date":"2023-11-11T00:51:21","date_gmt":"2023-11-10T23:51:21","guid":{"rendered":"https:\/\/laser19.fr\/?post_type=product&#038;p=91"},"modified":"2023-11-18T22:55:00","modified_gmt":"2023-11-18T21:55:00","slug":"horloge-murale-cheval","status":"publish","type":"product","link":"https:\/\/laser19.fr\/index.php\/produit\/horloge-murale-cheval\/","title":{"rendered":"Horloge murale cheval"},"content":{"rendered":"<p>Horloge murale originale en bois avec un theme cheval . Fabriqu\u00e9e par d\u00e9coupe laser . Cette. horloge cheval est en relief avec ses deux couches de contreplaqu\u00e9 . Elle fonctionne avec un m\u00e9canisme silencieux utilisant une pile AA non fournie .<br \/>\nCette horloge allie l&#8217;utilit\u00e9 et une d\u00e9coration originale qui peut s&#8217;afficher dans n&#8217;importe quelle pi\u00e8ce de la maison.<br \/>\nL&#8217;horloge murale cheval s&#8217;accroche facilement a un mur . Elle peut \u00eatre soutenue dans probl\u00e8me par un clou .<br \/>\nCette horloge est r\u00e9alis\u00e9e en d\u00e9coupe laser artisanalement dans notre atelier en Corr\u00e8ze.<\/p>\n<p>Dimension : 38 cm x 29 cm<br \/>\n\u00e9paisseur totale avec les aiguilles 10 mm<\/p>\n<p>Si vous une id\u00e9e d&#8217;une horloge murale personnalis\u00e9e avec un th\u00e8me sp\u00e9cifique\u00a0 , n&#8217;h\u00e9sitez pas a nous contacter\u00a0 : Contact@laser19.fr<\/p>\n","protected":false},"excerpt":{"rendered":"<p>Horloge murale originale en bois avec un theme cheval<\/p>\n","protected":false},"featured_media":92,"comment_status":"open","ping_status":"closed","template":"","meta":[],"product_brand":[],"product_cat":[18],"product_tag":[78,36,77,70,71,80,79],"class_list":{"0":"post-91","1":"product","2":"type-product","3":"status-publish","4":"has-post-thumbnail","6":"product_cat-horloges-murale","7":"product_tag-cheval","8":"product_tag-decoration-murale","9":"product_tag-decoupe-laser","10":"product_tag-horloge","11":"product_tag-pendule","12":"product_tag-ranch","13":"product_tag-rodeo","14":"product_shipping_class-point-relais","16":"first","17":"instock","18":"shipping-taxable","19":"purchasable","20":"product-type-simple"},"jetpack_sharing_enabled":true,"_links":{"self":[{"href":"https:\/\/laser19.fr\/index.php\/wp-json\/wp\/v2\/product\/91","targetHints":{"allow":["GET"]}}],"collection":[{"href":"https:\/\/laser19.fr\/index.php\/wp-json\/wp\/v2\/product"}],"about":[{"href":"https:\/\/laser19.fr\/index.php\/wp-json\/wp\/v2\/types\/product"}],"replies":[{"embeddable":true,"href":"https:\/\/laser19.fr\/index.php\/wp-json\/wp\/v2\/comments?post=91"}],"wp:featuredmedia":[{"embeddable":true,"href":"https:\/\/laser19.fr\/index.php\/wp-json\/wp\/v2\/media\/92"}],"wp:attachment":[{"href":"https:\/\/laser19.fr\/index.php\/wp-json\/wp\/v2\/media?parent=91"}],"wp:term":[{"taxonomy":"product_brand","embeddable":true,"href":"https:\/\/laser19.fr\/index.php\/wp-json\/wp\/v2\/product_brand?post=91"},{"taxonomy":"product_cat","embeddable":true,"href":"https:\/\/laser19.fr\/index.php\/wp-json\/wp\/v2\/product_cat?post=91"},{"taxonomy":"product_tag","embeddable":true,"href":"https:\/\/laser19.fr\/index.php\/wp-json\/wp\/v2\/product_tag?post=91"}],"curies":[{"name":"wp","href":"https:\/\/api.w.org\/{rel}","templated":true}]}}