{"id":86,"date":"2023-11-11T00:05:49","date_gmt":"2023-11-10T23:05:49","guid":{"rendered":"https:\/\/laser19.fr\/?post_type=product&#038;p=86"},"modified":"2023-11-18T22:54:12","modified_gmt":"2023-11-18T21:54:12","slug":"horloge-murale-harley-davidson","status":"publish","type":"product","link":"https:\/\/laser19.fr\/index.php\/produit\/horloge-murale-harley-davidson\/","title":{"rendered":"Horloge murale Harley Davidson"},"content":{"rendered":"<p>Horloge murale originale en bois Harley Davidson . Fabriqu\u00e9e par d\u00e9coupe laser . Cette. horloge Harley Davidson est en relief avec ses deux couches de contreplaqu\u00e9 . Elle fonctionne avec un m\u00e9canisme silencieux utilisant une pile AA non fournie .<br \/>\nCette horloge allie l&#8217;utilit\u00e9 et une d\u00e9coration originale qui peut s&#8217;afficher dans n&#8217;importe quelle pi\u00e8ce de la maison.<br \/>\nL&#8217;horloge Harley Davidson s&#8217;accroche facilement a un mur . Elle peut \u00eatre soutenue dans probl\u00e8me par un clou .<br \/>\nL&#8217;horloge est peinte a la main ce qui en fait un mod\u00e8le unique a chaque fois . le d\u00e9grad\u00e9 du fond \u00e9tant jamais le m\u00eame.<\/p>\n<p>Diam\u00e8tre 35 cm<br \/>\n\u00e9paisseur totale avec les aiguilles 10 mm<\/p>\n<p>Fabrication Artisanale dans notre atelier de Corr\u00e8ze<\/p>\n<p>Made in France<\/p>\n<p>Si vous une id\u00e9e d&#8217;une horloge murale personnalis\u00e9e avec un th\u00e8me sp\u00e9cifique\u00a0 , n&#8217;h\u00e9sitez pas a nous contacter\u00a0 : Contact@laser19.fr<\/p>\n","protected":false},"excerpt":{"rendered":"<p>Horloge murale originale en bois Harley Davidson . Fabriqu\u00e9e par d\u00e9coupe laser<\/p>\n","protected":false},"featured_media":87,"comment_status":"open","ping_status":"closed","template":"","meta":[],"product_brand":[],"product_cat":[18],"product_tag":[56,70,55,54,71,47,49],"class_list":{"0":"post-86","1":"product","2":"type-product","3":"status-publish","4":"has-post-thumbnail","6":"product_cat-horloges-murale","7":"product_tag-harley-davidson","8":"product_tag-horloge","9":"product_tag-motard","10":"product_tag-moto","11":"product_tag-pendule","12":"product_tag-usa","13":"product_tag-vintage","14":"product_shipping_class-colissimo","16":"first","17":"instock","18":"shipping-taxable","19":"purchasable","20":"product-type-simple"},"jetpack_sharing_enabled":true,"_links":{"self":[{"href":"https:\/\/laser19.fr\/index.php\/wp-json\/wp\/v2\/product\/86","targetHints":{"allow":["GET"]}}],"collection":[{"href":"https:\/\/laser19.fr\/index.php\/wp-json\/wp\/v2\/product"}],"about":[{"href":"https:\/\/laser19.fr\/index.php\/wp-json\/wp\/v2\/types\/product"}],"replies":[{"embeddable":true,"href":"https:\/\/laser19.fr\/index.php\/wp-json\/wp\/v2\/comments?post=86"}],"wp:featuredmedia":[{"embeddable":true,"href":"https:\/\/laser19.fr\/index.php\/wp-json\/wp\/v2\/media\/87"}],"wp:attachment":[{"href":"https:\/\/laser19.fr\/index.php\/wp-json\/wp\/v2\/media?parent=86"}],"wp:term":[{"taxonomy":"product_brand","embeddable":true,"href":"https:\/\/laser19.fr\/index.php\/wp-json\/wp\/v2\/product_brand?post=86"},{"taxonomy":"product_cat","embeddable":true,"href":"https:\/\/laser19.fr\/index.php\/wp-json\/wp\/v2\/product_cat?post=86"},{"taxonomy":"product_tag","embeddable":true,"href":"https:\/\/laser19.fr\/index.php\/wp-json\/wp\/v2\/product_tag?post=86"}],"curies":[{"name":"wp","href":"https:\/\/api.w.org\/{rel}","templated":true}]}}