{"id":560,"date":"2025-03-14T14:09:08","date_gmt":"2025-03-14T13:09:08","guid":{"rendered":"https:\/\/laser19.fr\/?post_type=product&#038;p=560"},"modified":"2025-03-14T14:17:25","modified_gmt":"2025-03-14T13:17:25","slug":"decoration-mural-guitare-hard-rock","status":"publish","type":"product","link":"https:\/\/laser19.fr\/index.php\/produit\/decoration-mural-guitare-hard-rock\/","title":{"rendered":"D\u00e9coration mural Guitare Hard Rock"},"content":{"rendered":"<p>d\u00e9coration mural en bois guitare hard rock<br \/>\nCette d\u00e9coration mural plaira a tous les fans de music rock , hard rock et a tous les guitaristes . Il est possible d&#8217;y ajouter des crochets pour en faire un porte cl\u00e9 mural . Si vous voulez la version porte cl\u00e9 mural, il suffira de nous le dire en commentaire .<br \/>\nIl est possible de personnalis\u00e9 cette d\u00e9coration murale en changeant le texte &#8220;Hard Rock&#8221; par le texte de votre choix comme les exemple en photo. Il suffit de nous le dire en commentaire de votre commande<br \/>\nMati\u00e8re utilis\u00e9e : Contreplaqu\u00e9 de 5 mm d\u00e9coup\u00e9 au laser. peinture noire et blanche<br \/>\nSyst\u00e8me de fixation : cette d\u00e9coration mural s&#8217;installe facilement au mur grace a deux accroches pour cadre .<\/p>\n<p>Dimensions : 35 x 20 cm, \u00e9paisseur bois 10 mm<\/p>\n<p>Made in France<br \/>\nFabrication artisanale en Corr\u00e8ze<\/p>\n","protected":false},"excerpt":{"rendered":"<p>D\u00e9coration mural Guitare Hard Rock<\/p>\n","protected":false},"featured_media":561,"comment_status":"open","ping_status":"closed","template":"","meta":[],"product_brand":[],"product_cat":[21],"product_tag":[120,297,36,295,122,132,39,124,296,215],"class_list":{"0":"post-560","1":"product","2":"type-product","3":"status-publish","4":"has-post-thumbnail","6":"product_cat-decorations-murales","7":"product_tag-acdc","8":"product_tag-beattle","9":"product_tag-decoration-murale","10":"product_tag-guitare","11":"product_tag-hard-rock","12":"product_tag-iron-maiden","13":"product_tag-logo","14":"product_tag-musique","15":"product_tag-rolling-stone","16":"product_tag-scorpions","17":"product_shipping_class-colissimo","19":"first","20":"instock","21":"shipping-taxable","22":"purchasable","23":"product-type-simple"},"jetpack_sharing_enabled":true,"_links":{"self":[{"href":"https:\/\/laser19.fr\/index.php\/wp-json\/wp\/v2\/product\/560","targetHints":{"allow":["GET"]}}],"collection":[{"href":"https:\/\/laser19.fr\/index.php\/wp-json\/wp\/v2\/product"}],"about":[{"href":"https:\/\/laser19.fr\/index.php\/wp-json\/wp\/v2\/types\/product"}],"replies":[{"embeddable":true,"href":"https:\/\/laser19.fr\/index.php\/wp-json\/wp\/v2\/comments?post=560"}],"wp:featuredmedia":[{"embeddable":true,"href":"https:\/\/laser19.fr\/index.php\/wp-json\/wp\/v2\/media\/561"}],"wp:attachment":[{"href":"https:\/\/laser19.fr\/index.php\/wp-json\/wp\/v2\/media?parent=560"}],"wp:term":[{"taxonomy":"product_brand","embeddable":true,"href":"https:\/\/laser19.fr\/index.php\/wp-json\/wp\/v2\/product_brand?post=560"},{"taxonomy":"product_cat","embeddable":true,"href":"https:\/\/laser19.fr\/index.php\/wp-json\/wp\/v2\/product_cat?post=560"},{"taxonomy":"product_tag","embeddable":true,"href":"https:\/\/laser19.fr\/index.php\/wp-json\/wp\/v2\/product_tag?post=560"}],"curies":[{"name":"wp","href":"https:\/\/api.w.org\/{rel}","templated":true}]}}