{"id":556,"date":"2025-03-14T13:59:46","date_gmt":"2025-03-14T12:59:46","guid":{"rendered":"https:\/\/laser19.fr\/?post_type=product&#038;p=556"},"modified":"2025-03-14T14:06:14","modified_gmt":"2025-03-14T13:06:14","slug":"decoration-mural-ironman","status":"publish","type":"product","link":"https:\/\/laser19.fr\/index.php\/produit\/decoration-mural-ironman\/","title":{"rendered":"D\u00e9coration mural Ironman"},"content":{"rendered":"<p>Applique mural d\u00e9corative en bois d&#8217;Ironman<br \/>\nIronman est un h\u00e9ro de BD des ann\u00e9es 50 puis est devenu un h\u00e9ros dans des films et s\u00e9ries . cela en fait une applique mural vintage et moderne a la fois qui peut aussi bien s&#8217;installer dans un salon que dans un garage ou m\u00eame une chambre.<br \/>\nMati\u00e8re utilis\u00e9e : Contreplaqu\u00e9 de 5 mm d\u00e9coup\u00e9 au laser. Peinture acrylique<br \/>\nSyst\u00e8me de fixation : Ironman peut \u00eatre fix\u00e9 facilement a un mur juste avec un clou . Une attache pour tableau est fix\u00e9e au dos.<\/p>\n<p>Ironman est en relief<br \/>\nDimensions : 29.5 x 20 cm, \u00e9paisseur 10 mm<\/p>\n<p>Made in France<br \/>\nFabrication artisanale en Corr\u00e8ze<\/p>\n<p>Si vous d\u00e9sirez une d\u00e9coration murale personnalis\u00e9e, une id\u00e9e de logo ou autre , n&#8217;h\u00e9sitez pas a nous contacter\u00a0 : Contact@laser19.fr<\/p>\n","protected":false},"excerpt":{"rendered":"<p>D\u00e9coration mural d\u00e9corative en bois Ironman<\/p>\n","protected":false},"featured_media":557,"comment_status":"open","ping_status":"closed","template":"","meta":[],"product_brand":[],"product_cat":[21],"product_tag":[294,241,36,280,39,40,38],"class_list":{"0":"post-556","1":"product","2":"type-product","3":"status-publish","4":"has-post-thumbnail","6":"product_cat-decorations-murales","7":"product_tag-avenger","8":"product_tag-comics","9":"product_tag-decoration-murale","10":"product_tag-ironman","11":"product_tag-logo","12":"product_tag-marvels","13":"product_tag-super-hero","14":"product_shipping_class-colissimo","16":"first","17":"instock","18":"shipping-taxable","19":"purchasable","20":"product-type-simple"},"jetpack_sharing_enabled":true,"_links":{"self":[{"href":"https:\/\/laser19.fr\/index.php\/wp-json\/wp\/v2\/product\/556","targetHints":{"allow":["GET"]}}],"collection":[{"href":"https:\/\/laser19.fr\/index.php\/wp-json\/wp\/v2\/product"}],"about":[{"href":"https:\/\/laser19.fr\/index.php\/wp-json\/wp\/v2\/types\/product"}],"replies":[{"embeddable":true,"href":"https:\/\/laser19.fr\/index.php\/wp-json\/wp\/v2\/comments?post=556"}],"wp:featuredmedia":[{"embeddable":true,"href":"https:\/\/laser19.fr\/index.php\/wp-json\/wp\/v2\/media\/557"}],"wp:attachment":[{"href":"https:\/\/laser19.fr\/index.php\/wp-json\/wp\/v2\/media?parent=556"}],"wp:term":[{"taxonomy":"product_brand","embeddable":true,"href":"https:\/\/laser19.fr\/index.php\/wp-json\/wp\/v2\/product_brand?post=556"},{"taxonomy":"product_cat","embeddable":true,"href":"https:\/\/laser19.fr\/index.php\/wp-json\/wp\/v2\/product_cat?post=556"},{"taxonomy":"product_tag","embeddable":true,"href":"https:\/\/laser19.fr\/index.php\/wp-json\/wp\/v2\/product_tag?post=556"}],"curies":[{"name":"wp","href":"https:\/\/api.w.org\/{rel}","templated":true}]}}