{"id":52,"date":"2023-11-10T23:08:46","date_gmt":"2023-11-10T22:08:46","guid":{"rendered":"https:\/\/laser19.fr\/?post_type=product&#038;p=52"},"modified":"2023-11-14T00:13:30","modified_gmt":"2023-11-13T23:13:30","slug":"52","status":"publish","type":"product","link":"https:\/\/laser19.fr\/index.php\/produit\/52\/","title":{"rendered":"D\u00e9coration murale Harley Davidson"},"content":{"rendered":"<p>Applique mural d\u00e9corative en bois du logo Harley Davidson<br \/>\nLe logo Harley Davidson. est un des logos les,plus embl\u00e9matique des USA . cela en fait une applique mural vintage et moderne a la fois qui peut aussi bien s&#8217;installer dans un salon que dans un garage ou m\u00eame une chambre.lo<br \/>\nMati\u00e8re utilis\u00e9e : Contreplaqu\u00e9 de 5 mm d\u00e9coup\u00e9 au laser. Peinture acrylique<br \/>\nSyst\u00e8me de fixation : Le logo Harley davidson peut \u00eatre fix\u00e9 facilement a un mur juste avec un clou . Une attache pour tableau est fix\u00e9e au dos.<\/p>\n<p>Cette applique Harley Davidson est en relief<br \/>\nDimensions : 29 x 22 cm, \u00e9paisseur 10 mm<\/p>\n<p>Made in France<br \/>\nFabrication artisanale en Corr\u00e8ze<\/p>\n<p>Si vous d\u00e9sirez une d\u00e9coration murale personnalis\u00e9e, une id\u00e9e de logo ou autre , n&#8217;h\u00e9sitez pas a nous contacter\u00a0 : Contact@laser19.fr<\/p>\n","protected":false},"excerpt":{"rendered":"<p>Applique mural d\u00e9corative en bois du logo Harley Davidson<\/p>\n","protected":false},"featured_media":53,"comment_status":"open","ping_status":"closed","template":"","meta":[],"product_brand":[],"product_cat":[21],"product_tag":[36,56,39,55,54,57,47,49,48],"class_list":{"0":"post-52","1":"product","2":"type-product","3":"status-publish","4":"has-post-thumbnail","6":"product_cat-decorations-murales","7":"product_tag-decoration-murale","8":"product_tag-harley-davidson","9":"product_tag-logo","10":"product_tag-motard","11":"product_tag-moto","12":"product_tag-routard","13":"product_tag-usa","14":"product_tag-vintage","15":"product_tag-voyage","16":"product_shipping_class-colissimo","18":"first","19":"instock","20":"shipping-taxable","21":"purchasable","22":"product-type-simple"},"jetpack_sharing_enabled":true,"_links":{"self":[{"href":"https:\/\/laser19.fr\/index.php\/wp-json\/wp\/v2\/product\/52","targetHints":{"allow":["GET"]}}],"collection":[{"href":"https:\/\/laser19.fr\/index.php\/wp-json\/wp\/v2\/product"}],"about":[{"href":"https:\/\/laser19.fr\/index.php\/wp-json\/wp\/v2\/types\/product"}],"replies":[{"embeddable":true,"href":"https:\/\/laser19.fr\/index.php\/wp-json\/wp\/v2\/comments?post=52"}],"wp:featuredmedia":[{"embeddable":true,"href":"https:\/\/laser19.fr\/index.php\/wp-json\/wp\/v2\/media\/53"}],"wp:attachment":[{"href":"https:\/\/laser19.fr\/index.php\/wp-json\/wp\/v2\/media?parent=52"}],"wp:term":[{"taxonomy":"product_brand","embeddable":true,"href":"https:\/\/laser19.fr\/index.php\/wp-json\/wp\/v2\/product_brand?post=52"},{"taxonomy":"product_cat","embeddable":true,"href":"https:\/\/laser19.fr\/index.php\/wp-json\/wp\/v2\/product_cat?post=52"},{"taxonomy":"product_tag","embeddable":true,"href":"https:\/\/laser19.fr\/index.php\/wp-json\/wp\/v2\/product_tag?post=52"}],"curies":[{"name":"wp","href":"https:\/\/api.w.org\/{rel}","templated":true}]}}