{"id":494,"date":"2025-03-11T23:40:34","date_gmt":"2025-03-11T22:40:34","guid":{"rendered":"https:\/\/laser19.fr\/?post_type=product&#038;p=494"},"modified":"2025-03-13T11:07:26","modified_gmt":"2025-03-13T10:07:26","slug":"pancarte-porte-gamer-je-ne-tentends-pas-je-joue","status":"publish","type":"product","link":"https:\/\/laser19.fr\/index.php\/produit\/pancarte-porte-gamer-je-ne-tentends-pas-je-joue\/","title":{"rendered":"pancarte porte gamer : Je ne t&#8217;entends pas , je joue"},"content":{"rendered":"<p>voici des plaques de porte sp\u00e9cial gamer \/ geek a installer sur la porte de la chambre ou de la salle de jeux , ou du bureau .<br \/>\nCes plaques de porte sont originales et uniques , fabriqu\u00e9 dans notre atelier en Corr\u00e8ze avec une machine laser.<br \/>\ndimension : 200 mm x 150 mm x 1.3 mm<br \/>\nCes plaques de porte sont en acrylique .<\/p>\n<p>Motif : Je ne t&#8217;entends pas , je joue<\/p>\n<p>Made in France<\/p>\n<p>Si vous d\u00e9sirez une gravure sur toile personnalis\u00e9 avec un texte, un dessin ou une photo , n&#8217;h\u00e9sitez pas a nous contacter\u00a0 : Contact@laser19.fr<\/p>\n<p>&nbsp;<\/p>\n","protected":false},"excerpt":{"rendered":"<p>plaques de porte sp\u00e9cial gamer \/ geek a installer sur la porte de la chambre ou de la salle de jeux , ou du bureau .<\/p>\n<p>motif : Je ne t&#8217;entends pas , je joue<\/p>\n","protected":false},"featured_media":498,"comment_status":"open","ping_status":"closed","template":"","meta":[],"product_brand":[],"product_cat":[290,267],"product_tag":[268,273,269,270,33,274,271,272],"class_list":{"0":"post-494","1":"product","2":"type-product","3":"status-publish","4":"has-post-thumbnail","6":"product_cat-pancarte-de-portes-chambre","7":"product_cat-pancartes-pour-portes","8":"product_tag-chambre","9":"product_tag-conole","10":"product_tag-gagmer","11":"product_tag-geek","12":"product_tag-gravure-laser","13":"product_tag-jeuxs","14":"product_tag-pancarte","15":"product_tag-panneau","17":"first","18":"instock","19":"shipping-taxable","20":"purchasable","21":"product-type-simple"},"jetpack_sharing_enabled":true,"_links":{"self":[{"href":"https:\/\/laser19.fr\/index.php\/wp-json\/wp\/v2\/product\/494","targetHints":{"allow":["GET"]}}],"collection":[{"href":"https:\/\/laser19.fr\/index.php\/wp-json\/wp\/v2\/product"}],"about":[{"href":"https:\/\/laser19.fr\/index.php\/wp-json\/wp\/v2\/types\/product"}],"replies":[{"embeddable":true,"href":"https:\/\/laser19.fr\/index.php\/wp-json\/wp\/v2\/comments?post=494"}],"wp:featuredmedia":[{"embeddable":true,"href":"https:\/\/laser19.fr\/index.php\/wp-json\/wp\/v2\/media\/498"}],"wp:attachment":[{"href":"https:\/\/laser19.fr\/index.php\/wp-json\/wp\/v2\/media?parent=494"}],"wp:term":[{"taxonomy":"product_brand","embeddable":true,"href":"https:\/\/laser19.fr\/index.php\/wp-json\/wp\/v2\/product_brand?post=494"},{"taxonomy":"product_cat","embeddable":true,"href":"https:\/\/laser19.fr\/index.php\/wp-json\/wp\/v2\/product_cat?post=494"},{"taxonomy":"product_tag","embeddable":true,"href":"https:\/\/laser19.fr\/index.php\/wp-json\/wp\/v2\/product_tag?post=494"}],"curies":[{"name":"wp","href":"https:\/\/api.w.org\/{rel}","templated":true}]}}