{"id":49,"date":"2023-11-10T22:49:26","date_gmt":"2023-11-10T21:49:26","guid":{"rendered":"https:\/\/laser19.fr\/?post_type=product&#038;p=49"},"modified":"2025-03-12T10:36:52","modified_gmt":"2025-03-12T09:36:52","slug":"decoration-mural-logo-anarchy","status":"publish","type":"product","link":"https:\/\/laser19.fr\/index.php\/produit\/decoration-mural-logo-anarchy\/","title":{"rendered":"D\u00e9coration mural logo Anarchy"},"content":{"rendered":"<p>Applique mural d\u00e9corative en bois du logo Anarchy<br \/>\nLe symbolisme de l&#8217;anarchie permet de repr\u00e9senter les id\u00e9aux de l&#8217;anarchie et du mouvement libertaire. . cela en fait une applique mural engag\u00e9e qui est vintage et moderne a la fois qui peut aussi bien s&#8217;installer dans un salon que dans un garage ou m\u00eame une chambre.<br \/>\nMati\u00e8re utilis\u00e9e : Contreplaqu\u00e9 de 5 mm d\u00e9coup\u00e9 au laser. Peinture acrylique<br \/>\nSyst\u00e8me de fixation : Le logo Anarchy a un petit trou qui permet de le fix\u00e9 simplement avec un clou au mur<\/p>\n<p>Dimensions : 36 x 33 cm, \u00e9paisseur 5 mm<\/p>\n<p>Made in France<br \/>\nFabrication artisanale en Corr\u00e8ze<\/p>\n<p>Si vous d\u00e9sirez une d\u00e9coration murale personnalis\u00e9e, une id\u00e9e de logo ou autre , n&#8217;h\u00e9sitez pas a nous contacter\u00a0 : Contact@laser19.fr<\/p>\n","protected":false},"excerpt":{"rendered":"<p>Applique mural d\u00e9corative en bois du logo Anarchy<\/p>\n","protected":false},"featured_media":51,"comment_status":"open","ping_status":"closed","template":"","meta":[],"product_brand":[],"product_cat":[21],"product_tag":[50,53,39,52,51],"class_list":{"0":"post-49","1":"product","2":"type-product","3":"status-publish","4":"has-post-thumbnail","6":"product_cat-decorations-murales","7":"product_tag-anarchie","8":"product_tag-decoration-mural","9":"product_tag-logo","10":"product_tag-punk","11":"product_tag-rebelle","12":"product_shipping_class-colissimo","14":"first","15":"instock","16":"shipping-taxable","17":"purchasable","18":"product-type-simple"},"jetpack_sharing_enabled":true,"_links":{"self":[{"href":"https:\/\/laser19.fr\/index.php\/wp-json\/wp\/v2\/product\/49","targetHints":{"allow":["GET"]}}],"collection":[{"href":"https:\/\/laser19.fr\/index.php\/wp-json\/wp\/v2\/product"}],"about":[{"href":"https:\/\/laser19.fr\/index.php\/wp-json\/wp\/v2\/types\/product"}],"replies":[{"embeddable":true,"href":"https:\/\/laser19.fr\/index.php\/wp-json\/wp\/v2\/comments?post=49"}],"wp:featuredmedia":[{"embeddable":true,"href":"https:\/\/laser19.fr\/index.php\/wp-json\/wp\/v2\/media\/51"}],"wp:attachment":[{"href":"https:\/\/laser19.fr\/index.php\/wp-json\/wp\/v2\/media?parent=49"}],"wp:term":[{"taxonomy":"product_brand","embeddable":true,"href":"https:\/\/laser19.fr\/index.php\/wp-json\/wp\/v2\/product_brand?post=49"},{"taxonomy":"product_cat","embeddable":true,"href":"https:\/\/laser19.fr\/index.php\/wp-json\/wp\/v2\/product_cat?post=49"},{"taxonomy":"product_tag","embeddable":true,"href":"https:\/\/laser19.fr\/index.php\/wp-json\/wp\/v2\/product_tag?post=49"}],"curies":[{"name":"wp","href":"https:\/\/api.w.org\/{rel}","templated":true}]}}