{"id":489,"date":"2024-08-20T18:02:26","date_gmt":"2024-08-20T16:02:26","guid":{"rendered":"https:\/\/laser19.fr\/?post_type=product&#038;p=489"},"modified":"2024-08-20T18:05:51","modified_gmt":"2024-08-20T16:05:51","slug":"decapsuleur-porte-cles-la-biere-un-carburant","status":"publish","type":"product","link":"https:\/\/laser19.fr\/index.php\/produit\/decapsuleur-porte-cles-la-biere-un-carburant\/","title":{"rendered":"d\u00e9capsuleur porte-cl\u00e9s &#8220;La bi\u00e8re :  un carburant&#8221;"},"content":{"rendered":"<p>d\u00e9capsuleur porte-cl\u00e9s &#8220;La bi\u00e8re : un carburant&#8221;<\/p>\n<p>ce porte-cl\u00e9s est muni d&#8217;un d\u00e9capsuleur, d&#8217;un tire-bouchons et d&#8217;un petit couteau .<\/p>\n<p>Il est grav\u00e9 d&#8217;un texte humoristique sur les deux faces : &#8220;La bi\u00e8re : un carburant&#8221; sur une face et sur l&#8217;autre face la suite : &#8220;des h\u00e9ros ordinaires&#8221;<\/p>\n<p>Ce porte-cl\u00e9s d\u00e9capsuleurs pourra vous accompagn\u00e9s de partout et ne tient pas de place. Avec son texte original il fera des envieux .<\/p>\n<p>Mati\u00e8re\u00a0 : acier et bois<br \/>\nDimensions : 12 x 3.5 cm<\/p>\n<p>Made in France<br \/>\nFabrication artisanale en Corr\u00e8ze<\/p>\n<p>Si vous d\u00e9sirez un d\u00e9capsuleur porte-cl\u00e9s\u00a0 personnalis\u00e9e, une id\u00e9e de logo ou autre , n\u2019h\u00e9sitez pas a nous contacter\u00a0 : Contact@laser19.fr<\/p>\n","protected":false},"excerpt":{"rendered":"<p>d\u00e9capsuleur porte-cl\u00e9s &#8220;La bi\u00e8re : un carburant&#8221;<\/p>\n","protected":false},"featured_media":470,"comment_status":"open","ping_status":"closed","template":"","meta":[],"product_brand":[],"product_cat":[254],"product_tag":[260,160,258,167,256,255,257,259],"class_list":{"0":"post-489","1":"product","2":"type-product","3":"status-publish","4":"has-post-thumbnail","6":"product_cat-decapsuleurs-porte-cles","7":"product_tag-alcool","8":"product_tag-biere","9":"product_tag-couteaux","10":"product_tag-decapsuleur","11":"product_tag-ouvre-bouteilles","12":"product_tag-porte-cles","13":"product_tag-tire-bouchons","14":"product_tag-vin","15":"product_shipping_class-point-relais","17":"first","18":"instock","19":"shipping-taxable","20":"purchasable","21":"product-type-simple"},"jetpack_sharing_enabled":true,"_links":{"self":[{"href":"https:\/\/laser19.fr\/index.php\/wp-json\/wp\/v2\/product\/489","targetHints":{"allow":["GET"]}}],"collection":[{"href":"https:\/\/laser19.fr\/index.php\/wp-json\/wp\/v2\/product"}],"about":[{"href":"https:\/\/laser19.fr\/index.php\/wp-json\/wp\/v2\/types\/product"}],"replies":[{"embeddable":true,"href":"https:\/\/laser19.fr\/index.php\/wp-json\/wp\/v2\/comments?post=489"}],"wp:featuredmedia":[{"embeddable":true,"href":"https:\/\/laser19.fr\/index.php\/wp-json\/wp\/v2\/media\/470"}],"wp:attachment":[{"href":"https:\/\/laser19.fr\/index.php\/wp-json\/wp\/v2\/media?parent=489"}],"wp:term":[{"taxonomy":"product_brand","embeddable":true,"href":"https:\/\/laser19.fr\/index.php\/wp-json\/wp\/v2\/product_brand?post=489"},{"taxonomy":"product_cat","embeddable":true,"href":"https:\/\/laser19.fr\/index.php\/wp-json\/wp\/v2\/product_cat?post=489"},{"taxonomy":"product_tag","embeddable":true,"href":"https:\/\/laser19.fr\/index.php\/wp-json\/wp\/v2\/product_tag?post=489"}],"curies":[{"name":"wp","href":"https:\/\/api.w.org\/{rel}","templated":true}]}}