{"id":484,"date":"2024-08-20T17:30:11","date_gmt":"2024-08-20T15:30:11","guid":{"rendered":"https:\/\/laser19.fr\/?post_type=product&#038;p=484"},"modified":"2024-08-20T17:33:29","modified_gmt":"2024-08-20T15:33:29","slug":"decapsuleur-porte-cles-outil-du-survivaliste","status":"publish","type":"product","link":"https:\/\/laser19.fr\/index.php\/produit\/decapsuleur-porte-cles-outil-du-survivaliste\/","title":{"rendered":"d\u00e9capsuleur porte-cl\u00e9s &#8220;Outil du survivaliste&#8221;"},"content":{"rendered":"<p>d\u00e9capsuleur porte-cl\u00e9s &#8220;Outil du survivaliste&#8221;<\/p>\n<p>ce porte-cl\u00e9s est muni d&#8217;un d\u00e9capsuleur, d&#8217;un tire-bouchons et d&#8217;un petit couteau .<\/p>\n<p>Il est grav\u00e9 d&#8217;un texte humoristique sur les deux faces : &#8220;Outil du survivaliste&#8221; sur une face et sur l&#8217;autre face la suite : &#8220;qui ouvre TOUT&#8221;<\/p>\n<p>Ce porte-cl\u00e9s d\u00e9capsuleurs pourra vous accompagn\u00e9s de partout et ne tient pas de place. Avec son texte original il fera des envieux .<\/p>\n<p>Mati\u00e8re\u00a0 : acier et bois<br \/>\nDimensions : 12 x 3.5 cm<\/p>\n<p>Made in France<br \/>\nFabrication artisanale en Corr\u00e8ze<\/p>\n<p>Si vous d\u00e9sirez un d\u00e9capsuleur porte-cl\u00e9s\u00a0 personnalis\u00e9e, une id\u00e9e de logo ou autre , n\u2019h\u00e9sitez pas a nous contacter\u00a0 : Contact@laser19.fr<\/p>\n","protected":false},"excerpt":{"rendered":"<p>d\u00e9capsuleur porte-cl\u00e9s &#8220;Outil du survivaliste&#8221;<\/p>\n","protected":false},"featured_media":480,"comment_status":"open","ping_status":"closed","template":"","meta":[],"product_brand":[],"product_cat":[254],"product_tag":[260,160,258,167,256,255,261,257,259],"class_list":{"0":"post-484","1":"product","2":"type-product","3":"status-publish","4":"has-post-thumbnail","6":"product_cat-decapsuleurs-porte-cles","7":"product_tag-alcool","8":"product_tag-biere","9":"product_tag-couteaux","10":"product_tag-decapsuleur","11":"product_tag-ouvre-bouteilles","12":"product_tag-porte-cles","13":"product_tag-survivaliste","14":"product_tag-tire-bouchons","15":"product_tag-vin","16":"product_shipping_class-point-relais","18":"first","19":"instock","20":"shipping-taxable","21":"purchasable","22":"product-type-simple"},"jetpack_sharing_enabled":true,"_links":{"self":[{"href":"https:\/\/laser19.fr\/index.php\/wp-json\/wp\/v2\/product\/484","targetHints":{"allow":["GET"]}}],"collection":[{"href":"https:\/\/laser19.fr\/index.php\/wp-json\/wp\/v2\/product"}],"about":[{"href":"https:\/\/laser19.fr\/index.php\/wp-json\/wp\/v2\/types\/product"}],"replies":[{"embeddable":true,"href":"https:\/\/laser19.fr\/index.php\/wp-json\/wp\/v2\/comments?post=484"}],"wp:featuredmedia":[{"embeddable":true,"href":"https:\/\/laser19.fr\/index.php\/wp-json\/wp\/v2\/media\/480"}],"wp:attachment":[{"href":"https:\/\/laser19.fr\/index.php\/wp-json\/wp\/v2\/media?parent=484"}],"wp:term":[{"taxonomy":"product_brand","embeddable":true,"href":"https:\/\/laser19.fr\/index.php\/wp-json\/wp\/v2\/product_brand?post=484"},{"taxonomy":"product_cat","embeddable":true,"href":"https:\/\/laser19.fr\/index.php\/wp-json\/wp\/v2\/product_cat?post=484"},{"taxonomy":"product_tag","embeddable":true,"href":"https:\/\/laser19.fr\/index.php\/wp-json\/wp\/v2\/product_tag?post=484"}],"curies":[{"name":"wp","href":"https:\/\/api.w.org\/{rel}","templated":true}]}}