{"id":46,"date":"2023-11-10T22:08:17","date_gmt":"2023-11-10T21:08:17","guid":{"rendered":"https:\/\/laser19.fr\/?post_type=product&#038;p=46"},"modified":"2025-03-12T10:36:52","modified_gmt":"2025-03-12T09:36:52","slug":"decoration-murale-route-66","status":"publish","type":"product","link":"https:\/\/laser19.fr\/index.php\/produit\/decoration-murale-route-66\/","title":{"rendered":"D\u00e9coration murale Route 66"},"content":{"rendered":"<p>Applique mural d\u00e9corative en bois de l&#8217;embl\u00e8me de la Route 66<br \/>\nLa Route 66. est une route historique des USA . cela en fait une applique mural vintage qui peut aussi bien s&#8217;installer dans un salon que dans un garage ou m\u00eame une chambre.<br \/>\nMati\u00e8re utilis\u00e9e : Contreplaqu\u00e9 de 5 mm d\u00e9coup\u00e9 au laser. Peinture acrylique<br \/>\nSyst\u00e8me de fixation : Le Route 66 peut \u00eatre fix\u00e9 facilement a un mur juste avec un clou . Une attache pour tableau est fix\u00e9e au dos.<\/p>\n<p>Cette applique Route 66 est en relief<br \/>\nDimensions : 28 x 27 cm, \u00e9paisseur 10 mm<\/p>\n<p>Made in France<br \/>\nFabrication artisanale en Corr\u00e8ze<\/p>\n<p>Si vous d\u00e9sirez une d\u00e9coration murale personnalis\u00e9e, une id\u00e9e de logo ou autre , n&#8217;h\u00e9sitez pas a nous contacter\u00a0 : Contact@laser19.fr<\/p>\n","protected":false},"excerpt":{"rendered":"<p>Applique mural d\u00e9corative en bois de l&#8217;embl\u00e8me de la Route 66<\/p>\n<p>&nbsp;<\/p>\n","protected":false},"featured_media":47,"comment_status":"open","ping_status":"closed","template":"","meta":[],"product_brand":[],"product_cat":[21],"product_tag":[36,39,46,47,49,48],"class_list":{"0":"post-46","1":"product","2":"type-product","3":"status-publish","4":"has-post-thumbnail","6":"product_cat-decorations-murales","7":"product_tag-decoration-murale","8":"product_tag-logo","9":"product_tag-route-66","10":"product_tag-usa","11":"product_tag-vintage","12":"product_tag-voyage","13":"product_shipping_class-colissimo","15":"first","16":"instock","17":"shipping-taxable","18":"purchasable","19":"product-type-simple"},"jetpack_sharing_enabled":true,"_links":{"self":[{"href":"https:\/\/laser19.fr\/index.php\/wp-json\/wp\/v2\/product\/46","targetHints":{"allow":["GET"]}}],"collection":[{"href":"https:\/\/laser19.fr\/index.php\/wp-json\/wp\/v2\/product"}],"about":[{"href":"https:\/\/laser19.fr\/index.php\/wp-json\/wp\/v2\/types\/product"}],"replies":[{"embeddable":true,"href":"https:\/\/laser19.fr\/index.php\/wp-json\/wp\/v2\/comments?post=46"}],"wp:featuredmedia":[{"embeddable":true,"href":"https:\/\/laser19.fr\/index.php\/wp-json\/wp\/v2\/media\/47"}],"wp:attachment":[{"href":"https:\/\/laser19.fr\/index.php\/wp-json\/wp\/v2\/media?parent=46"}],"wp:term":[{"taxonomy":"product_brand","embeddable":true,"href":"https:\/\/laser19.fr\/index.php\/wp-json\/wp\/v2\/product_brand?post=46"},{"taxonomy":"product_cat","embeddable":true,"href":"https:\/\/laser19.fr\/index.php\/wp-json\/wp\/v2\/product_cat?post=46"},{"taxonomy":"product_tag","embeddable":true,"href":"https:\/\/laser19.fr\/index.php\/wp-json\/wp\/v2\/product_tag?post=46"}],"curies":[{"name":"wp","href":"https:\/\/api.w.org\/{rel}","templated":true}]}}