{"id":453,"date":"2024-08-19T22:26:28","date_gmt":"2024-08-19T20:26:28","guid":{"rendered":"https:\/\/laser19.fr\/?post_type=product&#038;p=453"},"modified":"2025-03-12T10:13:45","modified_gmt":"2025-03-12T09:13:45","slug":"porte-savon-gouttes","status":"publish","type":"product","link":"https:\/\/laser19.fr\/index.php\/produit\/porte-savon-gouttes\/","title":{"rendered":"Porte savon gouttes"},"content":{"rendered":"<p>Porte savon gouttes<br \/>\nCe porte savon est r\u00e9alis\u00e9 en contre plaqu\u00e9\u00a0 que nous avons d\u00e9coup\u00e9 au laser puis vernis\u00a0 dans notre atelier en Corr\u00e8ze.<br \/>\nCe porte savon fait 12,5 cm x 8,5 cm x 2,5 cm d&#8217;\u00e9paisseur<br \/>\nCe porte savon design et original trouvera sa place dans votre salle de bain ou dans votre cuisine<\/p>\n<p>Nous pouvons aussi faire des dessous de verre sur mesure, personnalis\u00e9 , contactez nous !!<\/p>\n","protected":false},"excerpt":{"rendered":"<p>Porte savon gouttes, d\u00e9coupe laser sur contre plaqu\u00e9 et vernis<\/p>\n<p>&nbsp;<\/p>\n","protected":false},"featured_media":447,"comment_status":"open","ping_status":"closed","template":"","meta":[],"product_brand":[],"product_cat":[236],"product_tag":[145,245,252,251,33,248,249,243,246,244],"class_list":{"0":"post-453","1":"product","2":"type-product","3":"status-publish","4":"has-post-thumbnail","6":"product_cat-porte-savon","7":"product_tag-bois","8":"product_tag-cuisine","9":"product_tag-eau","10":"product_tag-gouttes","11":"product_tag-gravure-laser","12":"product_tag-mer","13":"product_tag-ocean","14":"product_tag-porte-savon","15":"product_tag-salle-de-bain","16":"product_tag-savons","17":"product_shipping_class-point-relais","19":"first","20":"instock","21":"shipping-taxable","22":"purchasable","23":"product-type-simple"},"jetpack_sharing_enabled":true,"_links":{"self":[{"href":"https:\/\/laser19.fr\/index.php\/wp-json\/wp\/v2\/product\/453","targetHints":{"allow":["GET"]}}],"collection":[{"href":"https:\/\/laser19.fr\/index.php\/wp-json\/wp\/v2\/product"}],"about":[{"href":"https:\/\/laser19.fr\/index.php\/wp-json\/wp\/v2\/types\/product"}],"replies":[{"embeddable":true,"href":"https:\/\/laser19.fr\/index.php\/wp-json\/wp\/v2\/comments?post=453"}],"wp:featuredmedia":[{"embeddable":true,"href":"https:\/\/laser19.fr\/index.php\/wp-json\/wp\/v2\/media\/447"}],"wp:attachment":[{"href":"https:\/\/laser19.fr\/index.php\/wp-json\/wp\/v2\/media?parent=453"}],"wp:term":[{"taxonomy":"product_brand","embeddable":true,"href":"https:\/\/laser19.fr\/index.php\/wp-json\/wp\/v2\/product_brand?post=453"},{"taxonomy":"product_cat","embeddable":true,"href":"https:\/\/laser19.fr\/index.php\/wp-json\/wp\/v2\/product_cat?post=453"},{"taxonomy":"product_tag","embeddable":true,"href":"https:\/\/laser19.fr\/index.php\/wp-json\/wp\/v2\/product_tag?post=453"}],"curies":[{"name":"wp","href":"https:\/\/api.w.org\/{rel}","templated":true}]}}