{"id":451,"date":"2024-08-19T22:15:24","date_gmt":"2024-08-19T20:15:24","guid":{"rendered":"https:\/\/laser19.fr\/?post_type=product&#038;p=451"},"modified":"2025-03-12T10:13:45","modified_gmt":"2025-03-12T09:13:45","slug":"porte-savon-vagues","status":"publish","type":"product","link":"https:\/\/laser19.fr\/index.php\/produit\/porte-savon-vagues\/","title":{"rendered":"Porte savon vagues"},"content":{"rendered":"<p>Porte savon svague<br \/>\nCe porte savon est r\u00e9alis\u00e9 en contre plaqu\u00e9\u00a0 que nous avons d\u00e9coup\u00e9 au laser puis vernis\u00a0 dans notre atelier en Corr\u00e8ze.<br \/>\nCe porte savon fait 12,5 cm x 8,5 cm x 2,5 cm d&#8217;\u00e9paisseur<br \/>\nCe porte savon design et original trouvera sa place dans votre salle de bain ou dans votre cuisine<\/p>\n<p>Nous pouvons aussi faire des dessous de verre sur mesure, personnalis\u00e9 , contactez nous !!<\/p>\n","protected":false},"excerpt":{"rendered":"<p>Porte savon vagues , d\u00e9coupe laser sur contre plaqu\u00e9 et vernis<\/p>\n<p>&nbsp;<\/p>\n","protected":false},"featured_media":446,"comment_status":"open","ping_status":"closed","template":"","meta":[],"product_brand":[],"product_cat":[236],"product_tag":[145,245,33,248,249,243,246,244,247],"class_list":{"0":"post-451","1":"product","2":"type-product","3":"status-publish","4":"has-post-thumbnail","6":"product_cat-porte-savon","7":"product_tag-bois","8":"product_tag-cuisine","9":"product_tag-gravure-laser","10":"product_tag-mer","11":"product_tag-ocean","12":"product_tag-porte-savon","13":"product_tag-salle-de-bain","14":"product_tag-savons","15":"product_tag-vagues","16":"product_shipping_class-point-relais","18":"first","19":"instock","20":"shipping-taxable","21":"purchasable","22":"product-type-simple"},"jetpack_sharing_enabled":true,"_links":{"self":[{"href":"https:\/\/laser19.fr\/index.php\/wp-json\/wp\/v2\/product\/451","targetHints":{"allow":["GET"]}}],"collection":[{"href":"https:\/\/laser19.fr\/index.php\/wp-json\/wp\/v2\/product"}],"about":[{"href":"https:\/\/laser19.fr\/index.php\/wp-json\/wp\/v2\/types\/product"}],"replies":[{"embeddable":true,"href":"https:\/\/laser19.fr\/index.php\/wp-json\/wp\/v2\/comments?post=451"}],"wp:featuredmedia":[{"embeddable":true,"href":"https:\/\/laser19.fr\/index.php\/wp-json\/wp\/v2\/media\/446"}],"wp:attachment":[{"href":"https:\/\/laser19.fr\/index.php\/wp-json\/wp\/v2\/media?parent=451"}],"wp:term":[{"taxonomy":"product_brand","embeddable":true,"href":"https:\/\/laser19.fr\/index.php\/wp-json\/wp\/v2\/product_brand?post=451"},{"taxonomy":"product_cat","embeddable":true,"href":"https:\/\/laser19.fr\/index.php\/wp-json\/wp\/v2\/product_cat?post=451"},{"taxonomy":"product_tag","embeddable":true,"href":"https:\/\/laser19.fr\/index.php\/wp-json\/wp\/v2\/product_tag?post=451"}],"curies":[{"name":"wp","href":"https:\/\/api.w.org\/{rel}","templated":true}]}}