{"id":443,"date":"2024-08-19T21:54:57","date_gmt":"2024-08-19T19:54:57","guid":{"rendered":"https:\/\/laser19.fr\/?post_type=product&#038;p=443"},"modified":"2024-08-19T21:56:50","modified_gmt":"2024-08-19T19:56:50","slug":"gravure-sur-carrelage-peint-betty-boop","status":"publish","type":"product","link":"https:\/\/laser19.fr\/index.php\/produit\/gravure-sur-carrelage-peint-betty-boop\/","title":{"rendered":"Gravure sur carrelage peint Betty Boop"},"content":{"rendered":"<p>Gravure sur carrelage\u00a0 peint de 25 cm x 25 cm Betty Boop<\/p>\n<p>Cearrelage a \u00e9t\u00e9 grav\u00e9e au laser pour cr\u00e9er Betty Boop d&#8217;apr\u00e8s une dessin.<\/p>\n<p>Cette une d\u00e9coration originale que vous ne verrez nulle part ailleurs.<\/p>\n<p>Ce carrelage graver\u00a0 apporte\u00a0 une ambiance individuelle et unique dans n&#8217;importe quelle pi\u00e8ce de la maison .<\/p>\n<p>Ce arrelagec grav\u00e9 a \u00e9t\u00e9 r\u00e9alis\u00e9 de fa\u00e7on artisanale dans notre atelier en Corr\u00e8ze .<\/p>\n<p>Nos carrelages sont des carelages de recuperation\u00a0 que nous recyclons.<\/p>\n<p>Made in France<\/p>\n<p>Si vous d\u00e9sirez une gravure sur carrelage personnalis\u00e9 avec un texte, un dessin ou une photo , n&#8217;h\u00e9sitez pas a nous contacter\u00a0 : Contact@laser19.fr<\/p>\n<p>&nbsp;<\/p>\n","protected":false},"excerpt":{"rendered":"<p>Gravure sur carrelage\u00a0 peint de 25 cm x 25 cm Betty Boop<\/p>\n","protected":false},"featured_media":440,"comment_status":"open","ping_status":"closed","template":"","meta":[],"product_brand":[],"product_cat":[237],"product_tag":[242,238,134,33,225],"class_list":{"0":"post-443","1":"product","2":"type-product","3":"status-publish","4":"has-post-thumbnail","6":"product_cat-gravure-sur-carrelage-peint","7":"product_tag-betty-boop","8":"product_tag-carrelage","9":"product_tag-dessin","10":"product_tag-gravure-laser","11":"product_tag-recyclage","12":"product_shipping_class-point-relais","14":"first","15":"instock","16":"shipping-taxable","17":"purchasable","18":"product-type-simple"},"jetpack_sharing_enabled":true,"_links":{"self":[{"href":"https:\/\/laser19.fr\/index.php\/wp-json\/wp\/v2\/product\/443","targetHints":{"allow":["GET"]}}],"collection":[{"href":"https:\/\/laser19.fr\/index.php\/wp-json\/wp\/v2\/product"}],"about":[{"href":"https:\/\/laser19.fr\/index.php\/wp-json\/wp\/v2\/types\/product"}],"replies":[{"embeddable":true,"href":"https:\/\/laser19.fr\/index.php\/wp-json\/wp\/v2\/comments?post=443"}],"wp:featuredmedia":[{"embeddable":true,"href":"https:\/\/laser19.fr\/index.php\/wp-json\/wp\/v2\/media\/440"}],"wp:attachment":[{"href":"https:\/\/laser19.fr\/index.php\/wp-json\/wp\/v2\/media?parent=443"}],"wp:term":[{"taxonomy":"product_brand","embeddable":true,"href":"https:\/\/laser19.fr\/index.php\/wp-json\/wp\/v2\/product_brand?post=443"},{"taxonomy":"product_cat","embeddable":true,"href":"https:\/\/laser19.fr\/index.php\/wp-json\/wp\/v2\/product_cat?post=443"},{"taxonomy":"product_tag","embeddable":true,"href":"https:\/\/laser19.fr\/index.php\/wp-json\/wp\/v2\/product_tag?post=443"}],"curies":[{"name":"wp","href":"https:\/\/api.w.org\/{rel}","templated":true}]}}