{"id":438,"date":"2024-08-19T17:21:08","date_gmt":"2024-08-19T15:21:08","guid":{"rendered":"https:\/\/laser19.fr\/?post_type=product&#038;p=438"},"modified":"2024-08-19T17:44:46","modified_gmt":"2024-08-19T15:44:46","slug":"gravure-sur-ardoise-peinte-route-66","status":"publish","type":"product","link":"https:\/\/laser19.fr\/index.php\/produit\/gravure-sur-ardoise-peinte-route-66\/","title":{"rendered":"Gravure sur ardoise peinte Route 66"},"content":{"rendered":"<p>Gravure sur ardoise d&#8217;Angers\u00a0 peinte de 30 cm x 30 cm route 66<\/p>\n<p>Cette ardoise a \u00e9t\u00e9 grav\u00e9e au laser pour cr\u00e9er route 66 d&#8217;apr\u00e8s une dessin.<\/p>\n<p>Cette ardoise peut s&#8217;accrocher a un mur tr\u00e8s facilement gr\u00e2ce a son trou centr\u00e9 en haut .<\/p>\n<p>Une gravure sur ardoise peinte\u00a0 apporte\u00a0 une ambiance individuelle et unique dans n&#8217;importe quelle pi\u00e8ce de la maison .<\/p>\n<p>Cette ardoise grav\u00e9e a \u00e9t\u00e9 r\u00e9alis\u00e9 de fa\u00e7on artisanale dans notre atelier en Corr\u00e8ze .<\/p>\n<p>Nos ardoises d&#8217;Angers sont des vieilles ardoises de toit que nous recyclons.<\/p>\n<p>Made in France<\/p>\n<p>Si vous d\u00e9sirez une gravure sur ardoise personnalis\u00e9 avec un texte, un dessin ou une photo , n&#8217;h\u00e9sitez pas a nous contacter\u00a0 : Contact@laser19.fr<\/p>\n<p>&nbsp;<\/p>\n","protected":false},"excerpt":{"rendered":"<p>Gravure sur ardoise d&#8217;Angers\u00a0 peinte de 30 cm x 30 cm route 66<\/p>\n","protected":false},"featured_media":434,"comment_status":"open","ping_status":"closed","template":"","meta":[],"product_brand":[],"product_cat":[224],"product_tag":[31,226,134,33,56,88,225,46],"class_list":{"0":"post-438","1":"product","2":"type-product","3":"status-publish","4":"has-post-thumbnail","6":"product_cat-gravure-sur-ardoise-peinte","7":"product_tag-ardoise","8":"product_tag-ardoise-peinte","9":"product_tag-dessin","10":"product_tag-gravure-laser","11":"product_tag-harley-davidson","12":"product_tag-oiseaux","13":"product_tag-recyclage","14":"product_tag-route-66","15":"product_shipping_class-point-relais","17":"first","18":"instock","19":"shipping-taxable","20":"purchasable","21":"product-type-simple"},"jetpack_sharing_enabled":true,"_links":{"self":[{"href":"https:\/\/laser19.fr\/index.php\/wp-json\/wp\/v2\/product\/438","targetHints":{"allow":["GET"]}}],"collection":[{"href":"https:\/\/laser19.fr\/index.php\/wp-json\/wp\/v2\/product"}],"about":[{"href":"https:\/\/laser19.fr\/index.php\/wp-json\/wp\/v2\/types\/product"}],"replies":[{"embeddable":true,"href":"https:\/\/laser19.fr\/index.php\/wp-json\/wp\/v2\/comments?post=438"}],"wp:featuredmedia":[{"embeddable":true,"href":"https:\/\/laser19.fr\/index.php\/wp-json\/wp\/v2\/media\/434"}],"wp:attachment":[{"href":"https:\/\/laser19.fr\/index.php\/wp-json\/wp\/v2\/media?parent=438"}],"wp:term":[{"taxonomy":"product_brand","embeddable":true,"href":"https:\/\/laser19.fr\/index.php\/wp-json\/wp\/v2\/product_brand?post=438"},{"taxonomy":"product_cat","embeddable":true,"href":"https:\/\/laser19.fr\/index.php\/wp-json\/wp\/v2\/product_cat?post=438"},{"taxonomy":"product_tag","embeddable":true,"href":"https:\/\/laser19.fr\/index.php\/wp-json\/wp\/v2\/product_tag?post=438"}],"curies":[{"name":"wp","href":"https:\/\/api.w.org\/{rel}","templated":true}]}}