{"id":42,"date":"2023-11-10T22:02:50","date_gmt":"2023-11-10T21:02:50","guid":{"rendered":"https:\/\/laser19.fr\/?post_type=product&#038;p=42"},"modified":"2025-03-12T10:36:52","modified_gmt":"2025-03-12T09:36:52","slug":"feuille-de-cannabis-geante-en-bois","status":"publish","type":"product","link":"https:\/\/laser19.fr\/index.php\/produit\/feuille-de-cannabis-geante-en-bois\/","title":{"rendered":"Feuille de cannabis g\u00e9ante en bois"},"content":{"rendered":"<p>Grande feuille de cannabis r\u00e9alis\u00e9 en d\u00e9coupe laser . R\u00e9alis\u00e9 avec du contreplaqu\u00e9 de 5mm et peinture acrylique . Facile a accrocher au mur gr\u00e2ce a son attache pour cadre . Cette feuille de cannabis peut etre fixer sur un clou .<\/p>\n<p>Dimension : 37 cm x 38 cm , \u00e9paisseur 5 mm<\/p>\n<p>Fabriquation artisanale dans notre atelier en Correze .<\/p>\n<p>Made In France<\/p>\n<p>Si vous d\u00e9sirez une d\u00e9coration murale personnalis\u00e9e, une id\u00e9e de logo ou autre , n&#8217;h\u00e9sitez pas a nous contacter\u00a0 : Contact@laser19.fr<\/p>\n<p>&nbsp;<\/p>\n<p>&nbsp;<\/p>\n","protected":false},"excerpt":{"rendered":"<p>Grande feuille de cannabis r\u00e9alis\u00e9 en d\u00e9coupe laser<\/p>\n","protected":false},"featured_media":43,"comment_status":"open","ping_status":"closed","template":"","meta":[],"product_brand":[],"product_cat":[21],"product_tag":[45,41,36,42,43,44],"class_list":{"0":"post-42","1":"product","2":"type-product","3":"status-publish","4":"has-post-thumbnail","6":"product_cat-decorations-murales","7":"product_tag-bob-marley","8":"product_tag-cannabis","9":"product_tag-decoration-murale","10":"product_tag-marley","11":"product_tag-reggae","12":"product_tag-reggaie","13":"product_shipping_class-colissimo","15":"first","16":"instock","17":"shipping-taxable","18":"purchasable","19":"product-type-simple"},"jetpack_sharing_enabled":true,"_links":{"self":[{"href":"https:\/\/laser19.fr\/index.php\/wp-json\/wp\/v2\/product\/42","targetHints":{"allow":["GET"]}}],"collection":[{"href":"https:\/\/laser19.fr\/index.php\/wp-json\/wp\/v2\/product"}],"about":[{"href":"https:\/\/laser19.fr\/index.php\/wp-json\/wp\/v2\/types\/product"}],"replies":[{"embeddable":true,"href":"https:\/\/laser19.fr\/index.php\/wp-json\/wp\/v2\/comments?post=42"}],"wp:featuredmedia":[{"embeddable":true,"href":"https:\/\/laser19.fr\/index.php\/wp-json\/wp\/v2\/media\/43"}],"wp:attachment":[{"href":"https:\/\/laser19.fr\/index.php\/wp-json\/wp\/v2\/media?parent=42"}],"wp:term":[{"taxonomy":"product_brand","embeddable":true,"href":"https:\/\/laser19.fr\/index.php\/wp-json\/wp\/v2\/product_brand?post=42"},{"taxonomy":"product_cat","embeddable":true,"href":"https:\/\/laser19.fr\/index.php\/wp-json\/wp\/v2\/product_cat?post=42"},{"taxonomy":"product_tag","embeddable":true,"href":"https:\/\/laser19.fr\/index.php\/wp-json\/wp\/v2\/product_tag?post=42"}],"curies":[{"name":"wp","href":"https:\/\/api.w.org\/{rel}","templated":true}]}}