{"id":418,"date":"2024-01-01T23:45:27","date_gmt":"2024-01-01T22:45:27","guid":{"rendered":"https:\/\/laser19.fr\/?post_type=product&#038;p=418"},"modified":"2025-03-12T10:15:47","modified_gmt":"2025-03-12T09:15:47","slug":"decapsuleur-mural-matrix","status":"publish","type":"product","link":"https:\/\/laser19.fr\/index.php\/produit\/decapsuleur-mural-matrix\/","title":{"rendered":"D\u00e9capsuleur mural Matrix"},"content":{"rendered":"<p>D\u00e9capsuleur\u00a0 mural\u00a0 en bois Matrix<br \/>\nSors de la matrice et viens boire une bi\u00e8re<\/p>\n<p>Le d\u00e9capsuleur dispose d&#8217;un aimant puissant qui attrapera au vol toutes les capsules de bi\u00e8res. L&#8217;aimant se situe a l&#8217;arri\u00e8re . il est donc pas visible .<\/p>\n<p>Ce d\u00e9capsuleur pourra s&#8217;installer simplement sur un mur . il dispose de 3 trous permettant de le fixer durablement au mur avec des vis et chevilles.<\/p>\n<p>Ce d\u00e9capsuleur fera un d\u00e9coration utile et unique dans votre cuisine, salon ou bar de votre maison .<\/p>\n<p>Mati\u00e8re utilis\u00e9e : Contreplaqu\u00e9 de 5 mm d\u00e9coup\u00e9 au laser.<br \/>\nDimensions : 18 x 9 cm, \u00e9paisseur 10 mm<\/p>\n<p>Peinture noire et verte er vernis incolor<\/p>\n<p>Made in France<br \/>\nFabrication artisanale en Corr\u00e8ze<\/p>\n<p>Si vous d\u00e9sirez un d\u00e9capsuleur murale personnalis\u00e9e, une id\u00e9e de logo ou autre , n&#8217;h\u00e9sitez pas a nous contacter\u00a0 : Contact@laser19.fr<\/p>\n","protected":false},"excerpt":{"rendered":"<p>D\u00e9capsuleur\u00a0 mural\u00a0 en bois grav\u00e9 Matrix<\/p>\n","protected":false},"featured_media":425,"comment_status":"open","ping_status":"closed","template":"","meta":[],"product_brand":[],"product_cat":[19],"product_tag":[110,160,161,159,230,231,232],"class_list":{"0":"post-418","1":"product","2":"type-product","3":"status-publish","4":"has-post-thumbnail","6":"product_cat-decapsuleurs-muraux","7":"product_tag-apero","8":"product_tag-biere","9":"product_tag-cannette","10":"product_tag-decapsuleur-mural","11":"product_tag-matrice","12":"product_tag-matrix","13":"product_tag-nemo","14":"product_shipping_class-point-relais","16":"first","17":"instock","18":"shipping-taxable","19":"purchasable","20":"product-type-simple"},"jetpack_sharing_enabled":true,"_links":{"self":[{"href":"https:\/\/laser19.fr\/index.php\/wp-json\/wp\/v2\/product\/418","targetHints":{"allow":["GET"]}}],"collection":[{"href":"https:\/\/laser19.fr\/index.php\/wp-json\/wp\/v2\/product"}],"about":[{"href":"https:\/\/laser19.fr\/index.php\/wp-json\/wp\/v2\/types\/product"}],"replies":[{"embeddable":true,"href":"https:\/\/laser19.fr\/index.php\/wp-json\/wp\/v2\/comments?post=418"}],"wp:featuredmedia":[{"embeddable":true,"href":"https:\/\/laser19.fr\/index.php\/wp-json\/wp\/v2\/media\/425"}],"wp:attachment":[{"href":"https:\/\/laser19.fr\/index.php\/wp-json\/wp\/v2\/media?parent=418"}],"wp:term":[{"taxonomy":"product_brand","embeddable":true,"href":"https:\/\/laser19.fr\/index.php\/wp-json\/wp\/v2\/product_brand?post=418"},{"taxonomy":"product_cat","embeddable":true,"href":"https:\/\/laser19.fr\/index.php\/wp-json\/wp\/v2\/product_cat?post=418"},{"taxonomy":"product_tag","embeddable":true,"href":"https:\/\/laser19.fr\/index.php\/wp-json\/wp\/v2\/product_tag?post=418"}],"curies":[{"name":"wp","href":"https:\/\/api.w.org\/{rel}","templated":true}]}}