{"id":416,"date":"2024-01-01T23:38:29","date_gmt":"2024-01-01T22:38:29","guid":{"rendered":"https:\/\/laser19.fr\/?post_type=product&#038;p=416"},"modified":"2024-08-19T17:47:19","modified_gmt":"2024-08-19T15:47:19","slug":"gravure-sur-ardoise-peinte-batman","status":"publish","type":"product","link":"https:\/\/laser19.fr\/index.php\/produit\/gravure-sur-ardoise-peinte-batman\/","title":{"rendered":"Gravure sur ardoise peinte Batman"},"content":{"rendered":"<p>Gravure laser sur ardoise d&#8217;Angers\u00a0 peinte de 30 cm x 30 cm Batman<\/p>\n<p>Cette ardoise a \u00e9t\u00e9 grav\u00e9e au laser pour cr\u00e9er ce Batman d&#8217;apr\u00e8s un dessin.<\/p>\n<p>Cette gravure sur ardoise est unique , elle sera qu&#8217;en un seul exemplaire . Car la couleur orange est faites al\u00e9atoirement et ne sera\u00a0 peut \u00eatre pas identique a la photo<\/p>\n<p>Cette ardoise provient d&#8217;un lot d&#8217;ardoise recycl\u00e9e qui \u00e9taient d\u00e9stin\u00e9e a la d\u00e9cheterie . C&#8217;est une ardoise d&#8217;Angers pour les toitures.<\/p>\n<p>Cette gravure sur ardoise apportera\u00a0 une ambiance unique et individuelle dans n&#8217;importe quelle pi\u00e8ce de la maison .<\/p>\n<p>Cette ardoise grav\u00e9e a \u00e9t\u00e9 r\u00e9alis\u00e9 de fa\u00e7on artisanale dans notre atelier en Corr\u00e8ze .<\/p>\n<p>Made in France<\/p>\n<p>Si vous d\u00e9sirez une gravure sur ardoise personnalis\u00e9 avec un texte, un dessin ou une photo , n&#8217;h\u00e9sitez pas a nous contacter Contact@laser19.fr<\/p>\n<p>&nbsp;<\/p>\n","protected":false},"excerpt":{"rendered":"<p>Gravure laser\u00a0 sur ardoise d&#8217;Angers\u00a0 peinte de 30 cm x 30 cm Batman<\/p>\n","protected":false},"featured_media":417,"comment_status":"open","ping_status":"closed","template":"","meta":[],"product_brand":[],"product_cat":[224],"product_tag":[31,226,98,241,134,33,146,225],"class_list":{"0":"post-416","1":"product","2":"type-product","3":"status-publish","4":"has-post-thumbnail","6":"product_cat-gravure-sur-ardoise-peinte","7":"product_tag-ardoise","8":"product_tag-ardoise-peinte","9":"product_tag-batman","10":"product_tag-comics","11":"product_tag-dessin","12":"product_tag-gravure-laser","13":"product_tag-marvel","14":"product_tag-recyclage","15":"product_shipping_class-point-relais","17":"first","18":"instock","19":"shipping-taxable","20":"purchasable","21":"product-type-simple"},"jetpack_sharing_enabled":true,"_links":{"self":[{"href":"https:\/\/laser19.fr\/index.php\/wp-json\/wp\/v2\/product\/416","targetHints":{"allow":["GET"]}}],"collection":[{"href":"https:\/\/laser19.fr\/index.php\/wp-json\/wp\/v2\/product"}],"about":[{"href":"https:\/\/laser19.fr\/index.php\/wp-json\/wp\/v2\/types\/product"}],"replies":[{"embeddable":true,"href":"https:\/\/laser19.fr\/index.php\/wp-json\/wp\/v2\/comments?post=416"}],"wp:featuredmedia":[{"embeddable":true,"href":"https:\/\/laser19.fr\/index.php\/wp-json\/wp\/v2\/media\/417"}],"wp:attachment":[{"href":"https:\/\/laser19.fr\/index.php\/wp-json\/wp\/v2\/media?parent=416"}],"wp:term":[{"taxonomy":"product_brand","embeddable":true,"href":"https:\/\/laser19.fr\/index.php\/wp-json\/wp\/v2\/product_brand?post=416"},{"taxonomy":"product_cat","embeddable":true,"href":"https:\/\/laser19.fr\/index.php\/wp-json\/wp\/v2\/product_cat?post=416"},{"taxonomy":"product_tag","embeddable":true,"href":"https:\/\/laser19.fr\/index.php\/wp-json\/wp\/v2\/product_tag?post=416"}],"curies":[{"name":"wp","href":"https:\/\/api.w.org\/{rel}","templated":true}]}}