{"id":415,"date":"2023-12-16T21:48:38","date_gmt":"2023-12-16T20:48:38","guid":{"rendered":"https:\/\/laser19.fr\/?post_type=product&#038;p=415"},"modified":"2024-01-01T23:43:26","modified_gmt":"2024-01-01T22:43:26","slug":"gravure-sur-ardoise-peinte-hulk","status":"publish","type":"product","link":"https:\/\/laser19.fr\/index.php\/produit\/gravure-sur-ardoise-peinte-hulk\/","title":{"rendered":"Gravure sur ardoise peinte Hulk"},"content":{"rendered":"<p>Gravure laser sur ardoise d&#8217;Angers\u00a0 peinte de 30 cm x 30 cm Hulk<\/p>\n<p>Cette ardoise a \u00e9t\u00e9 grav\u00e9e au laser pour cr\u00e9er ce Hulk d&#8217;apr\u00e8s un dessin.<\/p>\n<p>Cette gravure sur ardoise est unique , elle sera qu&#8217;en un seul exemplaire . Car les fissures que l&#8217;on voit en vert ne sont pas voulu au d\u00e9part mais apporte un vrai plus a la gravure.<\/p>\n<p>Cette ardoise provient d&#8217;un lot d&#8217;ardoise recycl\u00e9e qui \u00e9taient d\u00e9stin\u00e9e a la d\u00e9cheterie . C&#8217;est une ardoise d&#8217;Angers pour les toitures.<\/p>\n<p>Cette gravure sur ardoise apportera\u00a0 une ambiance unique et individuelle dans n&#8217;importe quelle pi\u00e8ce de la maison .<\/p>\n<p>Cette ardoise grav\u00e9e a \u00e9t\u00e9 r\u00e9alis\u00e9 de fa\u00e7on artisanale dans notre atelier en Corr\u00e8ze .<\/p>\n<p>Made in France<\/p>\n<p>Si vous d\u00e9sirez une gravure sur ardoise personnalis\u00e9 avec un texte, un dessin ou une photo , n&#8217;h\u00e9sitez pas a nous contacter Contact@laser19.fr<\/p>\n<p>&nbsp;<\/p>\n","protected":false},"excerpt":{"rendered":"<p>Gravure laser\u00a0 sur ardoise d&#8217;Angers\u00a0 peinte de 30 cm x 30 cm Hulk<\/p>\n","protected":false},"featured_media":327,"comment_status":"open","ping_status":"closed","template":"","meta":[],"product_brand":[],"product_cat":[224],"product_tag":[31,226,134,33,229,225],"class_list":{"0":"post-415","1":"product","2":"type-product","3":"status-publish","4":"has-post-thumbnail","6":"product_cat-gravure-sur-ardoise-peinte","7":"product_tag-ardoise","8":"product_tag-ardoise-peinte","9":"product_tag-dessin","10":"product_tag-gravure-laser","11":"product_tag-hulk","12":"product_tag-recyclage","13":"product_shipping_class-point-relais","15":"first","16":"instock","17":"shipping-taxable","18":"purchasable","19":"product-type-simple"},"jetpack_sharing_enabled":true,"_links":{"self":[{"href":"https:\/\/laser19.fr\/index.php\/wp-json\/wp\/v2\/product\/415","targetHints":{"allow":["GET"]}}],"collection":[{"href":"https:\/\/laser19.fr\/index.php\/wp-json\/wp\/v2\/product"}],"about":[{"href":"https:\/\/laser19.fr\/index.php\/wp-json\/wp\/v2\/types\/product"}],"replies":[{"embeddable":true,"href":"https:\/\/laser19.fr\/index.php\/wp-json\/wp\/v2\/comments?post=415"}],"wp:featuredmedia":[{"embeddable":true,"href":"https:\/\/laser19.fr\/index.php\/wp-json\/wp\/v2\/media\/327"}],"wp:attachment":[{"href":"https:\/\/laser19.fr\/index.php\/wp-json\/wp\/v2\/media?parent=415"}],"wp:term":[{"taxonomy":"product_brand","embeddable":true,"href":"https:\/\/laser19.fr\/index.php\/wp-json\/wp\/v2\/product_brand?post=415"},{"taxonomy":"product_cat","embeddable":true,"href":"https:\/\/laser19.fr\/index.php\/wp-json\/wp\/v2\/product_cat?post=415"},{"taxonomy":"product_tag","embeddable":true,"href":"https:\/\/laser19.fr\/index.php\/wp-json\/wp\/v2\/product_tag?post=415"}],"curies":[{"name":"wp","href":"https:\/\/api.w.org\/{rel}","templated":true}]}}