{"id":408,"date":"2023-12-16T21:07:58","date_gmt":"2023-12-16T20:07:58","guid":{"rendered":"https:\/\/laser19.fr\/?post_type=product&#038;p=408"},"modified":"2024-08-19T17:55:48","modified_gmt":"2024-08-19T15:55:48","slug":"gravure-sur-ardoise-peinte-hiboux","status":"publish","type":"product","link":"https:\/\/laser19.fr\/index.php\/produit\/gravure-sur-ardoise-peinte-hiboux\/","title":{"rendered":"Gravure sur ardoise peinte Hiboux"},"content":{"rendered":"<p>Gravure sur ardoise d&#8217;Angers\u00a0 peinte de 30 cm x 30 cm Hiboux<\/p>\n<p>Cette ardoise a \u00e9t\u00e9 grav\u00e9e au laser pour cr\u00e9er un hiboux d&#8217;apr\u00e8s une dessin.<\/p>\n<p>Cette ardoise peut s&#8217;accrocher a un mur tr\u00e8s facilement gr\u00e2ouce a son trou centr\u00e9 en haut .<\/p>\n<p>Une gravure sur ardoise peinte\u00a0 apporte\u00a0 une ambiance individuelle et unique dans n&#8217;importe quelle pi\u00e8ce de la maison .<\/p>\n<p>Cette ardoise grav\u00e9e a \u00e9t\u00e9 r\u00e9alis\u00e9 de fa\u00e7on artisanale dans notre atelier en Corr\u00e8ze .<\/p>\n<p>Nos ardoises d&#8217;Angers sont des vieilles ardoises de toit que nous recyclons.<\/p>\n<p>Made in France<\/p>\n<p>Si vous d\u00e9sirez une gravure sur ardoise personnalis\u00e9 avec un texte, un dessin ou une photo , n&#8217;h\u00e9sitez pas a nous contacter\u00a0 : Contact@laser19.fr<\/p>\n<p>&nbsp;<\/p>\n","protected":false},"excerpt":{"rendered":"<p>Gravure sur ardoise d&#8217;Angers\u00a0 peinte de 30 cm x 30 cm Hiboux<\/p>\n","protected":false},"featured_media":403,"comment_status":"open","ping_status":"closed","template":"","meta":[],"product_brand":[],"product_cat":[224],"product_tag":[31,226,86,134,33,228,88,225],"class_list":{"0":"post-408","1":"product","2":"type-product","3":"status-publish","4":"has-post-thumbnail","6":"product_cat-gravure-sur-ardoise-peinte","7":"product_tag-ardoise","8":"product_tag-ardoise-peinte","9":"product_tag-chouette","10":"product_tag-dessin","11":"product_tag-gravure-laser","12":"product_tag-hiboux","13":"product_tag-oiseaux","14":"product_tag-recyclage","15":"product_shipping_class-point-relais","17":"first","18":"instock","19":"shipping-taxable","20":"purchasable","21":"product-type-simple"},"jetpack_sharing_enabled":true,"_links":{"self":[{"href":"https:\/\/laser19.fr\/index.php\/wp-json\/wp\/v2\/product\/408","targetHints":{"allow":["GET"]}}],"collection":[{"href":"https:\/\/laser19.fr\/index.php\/wp-json\/wp\/v2\/product"}],"about":[{"href":"https:\/\/laser19.fr\/index.php\/wp-json\/wp\/v2\/types\/product"}],"replies":[{"embeddable":true,"href":"https:\/\/laser19.fr\/index.php\/wp-json\/wp\/v2\/comments?post=408"}],"wp:featuredmedia":[{"embeddable":true,"href":"https:\/\/laser19.fr\/index.php\/wp-json\/wp\/v2\/media\/403"}],"wp:attachment":[{"href":"https:\/\/laser19.fr\/index.php\/wp-json\/wp\/v2\/media?parent=408"}],"wp:term":[{"taxonomy":"product_brand","embeddable":true,"href":"https:\/\/laser19.fr\/index.php\/wp-json\/wp\/v2\/product_brand?post=408"},{"taxonomy":"product_cat","embeddable":true,"href":"https:\/\/laser19.fr\/index.php\/wp-json\/wp\/v2\/product_cat?post=408"},{"taxonomy":"product_tag","embeddable":true,"href":"https:\/\/laser19.fr\/index.php\/wp-json\/wp\/v2\/product_tag?post=408"}],"curies":[{"name":"wp","href":"https:\/\/api.w.org\/{rel}","templated":true}]}}