{"id":384,"date":"2023-12-15T17:24:51","date_gmt":"2023-12-15T16:24:51","guid":{"rendered":"https:\/\/laser19.fr\/?post_type=product&#038;p=384"},"modified":"2025-03-13T11:08:59","modified_gmt":"2025-03-13T10:08:59","slug":"dessous-de-verres-ardoise-avengers","status":"publish","type":"product","link":"https:\/\/laser19.fr\/index.php\/produit\/dessous-de-verres-ardoise-avengers\/","title":{"rendered":"Dessous de verres ardoise Avengers"},"content":{"rendered":"<p>Lot 4 dessous de verre en ardoise Grav\u00e9s sp\u00e9cial Avengers<br \/>\nCes dessous de verre sont r\u00e9alis\u00e9 avec de l&#8217;ardoise naturelle que nous avons d\u00e9coup\u00e9 et travaill\u00e9 dans notre atelier en Corr\u00e8ze.<br \/>\nLes dessous de verre font 10 cm x 10 cm , \u00e9paisseur variable de 2 a 3 mm suivant les ardoises.<br \/>\nLes dessous de verre dispose de patins anti d\u00e9rapant et prot\u00e8ge ainsi la table ou le bar de rayures.<\/p>\n<p>Nous pouvons aussi faire des dessous de verre sur mesure, personnalis\u00e9 , contactez nous !!<\/p>\n","protected":false},"excerpt":{"rendered":"<p>Lot 4 dessous de verre en ardoise Grav\u00e9s sp\u00e9cial Avengers<\/p>\n<p>&nbsp;<\/p>\n","protected":false},"featured_media":389,"comment_status":"open","ping_status":"closed","template":"","meta":[],"product_brand":[],"product_cat":[23,276],"product_tag":[213,110,31,218,98,219,145,151,143,33,37],"class_list":{"0":"post-384","1":"product","2":"type-product","3":"status-publish","4":"has-post-thumbnail","6":"product_cat-dessous-de-verres","7":"product_cat-dessous-de-verres-ardoise","8":"product_tag-aperitif","9":"product_tag-apero","10":"product_tag-ardoise","11":"product_tag-avengers","12":"product_tag-batman","13":"product_tag-black-panther","14":"product_tag-bois","15":"product_tag-boisson","16":"product_tag-dessous-de-verre","17":"product_tag-gravure-laser","18":"product_tag-superman","19":"product_shipping_class-point-relais","21":"first","22":"instock","23":"shipping-taxable","24":"purchasable","25":"product-type-simple"},"jetpack_sharing_enabled":true,"_links":{"self":[{"href":"https:\/\/laser19.fr\/index.php\/wp-json\/wp\/v2\/product\/384","targetHints":{"allow":["GET"]}}],"collection":[{"href":"https:\/\/laser19.fr\/index.php\/wp-json\/wp\/v2\/product"}],"about":[{"href":"https:\/\/laser19.fr\/index.php\/wp-json\/wp\/v2\/types\/product"}],"replies":[{"embeddable":true,"href":"https:\/\/laser19.fr\/index.php\/wp-json\/wp\/v2\/comments?post=384"}],"wp:featuredmedia":[{"embeddable":true,"href":"https:\/\/laser19.fr\/index.php\/wp-json\/wp\/v2\/media\/389"}],"wp:attachment":[{"href":"https:\/\/laser19.fr\/index.php\/wp-json\/wp\/v2\/media?parent=384"}],"wp:term":[{"taxonomy":"product_brand","embeddable":true,"href":"https:\/\/laser19.fr\/index.php\/wp-json\/wp\/v2\/product_brand?post=384"},{"taxonomy":"product_cat","embeddable":true,"href":"https:\/\/laser19.fr\/index.php\/wp-json\/wp\/v2\/product_cat?post=384"},{"taxonomy":"product_tag","embeddable":true,"href":"https:\/\/laser19.fr\/index.php\/wp-json\/wp\/v2\/product_tag?post=384"}],"curies":[{"name":"wp","href":"https:\/\/api.w.org\/{rel}","templated":true}]}}