{"id":370,"date":"2023-12-13T14:57:40","date_gmt":"2023-12-13T13:57:40","guid":{"rendered":"https:\/\/laser19.fr\/?post_type=product&#038;p=370"},"modified":"2025-03-13T11:09:00","modified_gmt":"2025-03-13T10:09:00","slug":"dessous-de-verres-ardoise-star-wars","status":"publish","type":"product","link":"https:\/\/laser19.fr\/index.php\/produit\/dessous-de-verres-ardoise-star-wars\/","title":{"rendered":"Dessous de verres ardoise Star Wars"},"content":{"rendered":"<p>Ensemble de 4 dessous de verre Star Wars en ardoise de 10 cm x 10 cm\u00a0 \u00a0\u00e9paisseur variable de 2 a 4 mm.<\/p>\n<p>6 dessous de verres Star Wars\u00a0 comprenant 1 serie de 4 dessous de verre.<\/p>\n<p>Les dessous de verre dispose de patins anti d\u00e9rapant et prot\u00e8ge ainsi la table ou le bar de rayures.<\/p>\n<p>Ces dessous de verre a \u00e9t\u00e9 grav\u00e9e au laser pour cr\u00e9er ces motifs.<\/p>\n<p>Les dessous de verre en ardoise\u00a0 recylc\u00e9e sont une option \u00e9cologique et durable pour prot\u00e9ger votre table des taches et des rayures.<\/p>\n<p>Ce dessous de verre a \u00e9t\u00e9 r\u00e9alis\u00e9 de fa\u00e7on artisanale dans notre atelier en Corr\u00e8ze .<\/p>\n<p>Made in France<\/p>\n<p>Si vous d\u00e9sirez des dessous de verre personnalis\u00e9 avec un texte, un dessin ou une photo , n&#8217;h\u00e9sitez pas a nous contacter\u00a0 : Contact@laser19.fr<\/p>\n","protected":false},"excerpt":{"rendered":"<p>Ensemble de 4 dessous de verre Star Wars en ardoise de 10 cm x 10 cm\u00a0 \u00a0\u00e9paisseur variable de 2 a 4 mm.<\/p>\n<p>&nbsp;<\/p>\n","protected":false},"featured_media":293,"comment_status":"open","ping_status":"closed","template":"","meta":[],"product_brand":[],"product_cat":[23,276],"product_tag":[213,110,31,150,145,151,143,95,33,94],"class_list":{"0":"post-370","1":"product","2":"type-product","3":"status-publish","4":"has-post-thumbnail","6":"product_cat-dessous-de-verres","7":"product_cat-dessous-de-verres-ardoise","8":"product_tag-aperitif","9":"product_tag-apero","10":"product_tag-ardoise","11":"product_tag-bieres","12":"product_tag-bois","13":"product_tag-boisson","14":"product_tag-dessous-de-verre","15":"product_tag-film","16":"product_tag-gravure-laser","17":"product_tag-star-wars","18":"product_shipping_class-point-relais","20":"first","21":"instock","22":"shipping-taxable","23":"purchasable","24":"product-type-simple"},"jetpack_sharing_enabled":true,"_links":{"self":[{"href":"https:\/\/laser19.fr\/index.php\/wp-json\/wp\/v2\/product\/370","targetHints":{"allow":["GET"]}}],"collection":[{"href":"https:\/\/laser19.fr\/index.php\/wp-json\/wp\/v2\/product"}],"about":[{"href":"https:\/\/laser19.fr\/index.php\/wp-json\/wp\/v2\/types\/product"}],"replies":[{"embeddable":true,"href":"https:\/\/laser19.fr\/index.php\/wp-json\/wp\/v2\/comments?post=370"}],"wp:featuredmedia":[{"embeddable":true,"href":"https:\/\/laser19.fr\/index.php\/wp-json\/wp\/v2\/media\/293"}],"wp:attachment":[{"href":"https:\/\/laser19.fr\/index.php\/wp-json\/wp\/v2\/media?parent=370"}],"wp:term":[{"taxonomy":"product_brand","embeddable":true,"href":"https:\/\/laser19.fr\/index.php\/wp-json\/wp\/v2\/product_brand?post=370"},{"taxonomy":"product_cat","embeddable":true,"href":"https:\/\/laser19.fr\/index.php\/wp-json\/wp\/v2\/product_cat?post=370"},{"taxonomy":"product_tag","embeddable":true,"href":"https:\/\/laser19.fr\/index.php\/wp-json\/wp\/v2\/product_tag?post=370"}],"curies":[{"name":"wp","href":"https:\/\/api.w.org\/{rel}","templated":true}]}}