{"id":365,"date":"2023-12-10T22:25:48","date_gmt":"2023-12-10T21:25:48","guid":{"rendered":"https:\/\/laser19.fr\/?post_type=product&#038;p=365"},"modified":"2025-03-12T10:27:15","modified_gmt":"2025-03-12T09:27:15","slug":"gravure-sur-toile-dragonball-z","status":"publish","type":"product","link":"https:\/\/laser19.fr\/index.php\/produit\/gravure-sur-toile-dragonball-z\/","title":{"rendered":"Gravure sur toile DragonBall Z"},"content":{"rendered":"<p>Gravure sur toile de 24 cm x 30 cm DragonBall Z<\/p>\n<p>Cette toile a \u00e9t\u00e9 grav\u00e9e au laser pour cr\u00e9er DragonBall Z d&#8217;apr\u00e8s une dessin.<\/p>\n<p>Cette toile peut s&#8217;accrocher a un mur tr\u00e8s facilement gr\u00e2ce a son crochet au dos . Tr\u00e8s l\u00e9g\u00e8re cette toile n&#8217;a besoin que d&#8217;un clou pour \u00eatre accroch\u00e9e au mur .<\/p>\n<p>Une gravure sur toile apporte\u00a0 une ambiance individuelle dans n&#8217;importe quelle pi\u00e8ce de la maison .<\/p>\n<p>Cette toile grav\u00e9e a \u00e9t\u00e9 r\u00e9alis\u00e9 de fa\u00e7on artisanale dans notre atelier en Corr\u00e8ze .<\/p>\n<p>Made in France<\/p>\n<p>Si vous d\u00e9sirez une gravure sur toile personnalis\u00e9 avec un texte, un dessin ou une photo , n&#8217;h\u00e9sitez pas a nous contacter\u00a0 : Contact@laser19.fr<\/p>\n<p>&nbsp;<\/p>\n","protected":false},"excerpt":{"rendered":"<p>Gravure sur toile de 24 cm x 30 cm\u00a0DragonBall Z<\/p>\n<p>Cette toile a \u00e9t\u00e9 grav\u00e9e au laser pour cr\u00e9er DragonBall Z d&#8217;apr\u00e8s une dessin.<\/p>\n","protected":false},"featured_media":367,"comment_status":"open","ping_status":"closed","template":"","meta":[],"product_brand":[],"product_cat":[20],"product_tag":[212,76,211,112,33,113],"class_list":{"0":"post-365","1":"product","2":"type-product","3":"status-publish","4":"has-post-thumbnail","6":"product_cat-gravure-sur-toile","7":"product_tag-dbz","8":"product_tag-dessin-anime","9":"product_tag-dragonball","10":"product_tag-gravure","11":"product_tag-gravure-laser","12":"product_tag-toile","13":"product_shipping_class-colissimo","15":"first","16":"instock","17":"shipping-taxable","18":"purchasable","19":"product-type-simple"},"jetpack_sharing_enabled":true,"_links":{"self":[{"href":"https:\/\/laser19.fr\/index.php\/wp-json\/wp\/v2\/product\/365","targetHints":{"allow":["GET"]}}],"collection":[{"href":"https:\/\/laser19.fr\/index.php\/wp-json\/wp\/v2\/product"}],"about":[{"href":"https:\/\/laser19.fr\/index.php\/wp-json\/wp\/v2\/types\/product"}],"replies":[{"embeddable":true,"href":"https:\/\/laser19.fr\/index.php\/wp-json\/wp\/v2\/comments?post=365"}],"wp:featuredmedia":[{"embeddable":true,"href":"https:\/\/laser19.fr\/index.php\/wp-json\/wp\/v2\/media\/367"}],"wp:attachment":[{"href":"https:\/\/laser19.fr\/index.php\/wp-json\/wp\/v2\/media?parent=365"}],"wp:term":[{"taxonomy":"product_brand","embeddable":true,"href":"https:\/\/laser19.fr\/index.php\/wp-json\/wp\/v2\/product_brand?post=365"},{"taxonomy":"product_cat","embeddable":true,"href":"https:\/\/laser19.fr\/index.php\/wp-json\/wp\/v2\/product_cat?post=365"},{"taxonomy":"product_tag","embeddable":true,"href":"https:\/\/laser19.fr\/index.php\/wp-json\/wp\/v2\/product_tag?post=365"}],"curies":[{"name":"wp","href":"https:\/\/api.w.org\/{rel}","templated":true}]}}