{"id":280,"date":"2023-11-18T16:21:34","date_gmt":"2023-11-18T15:21:34","guid":{"rendered":"https:\/\/laser19.fr\/?post_type=product&#038;p=280"},"modified":"2025-03-12T10:28:34","modified_gmt":"2025-03-12T09:28:34","slug":"lampe-led-effet-3d-deadpool","status":"publish","type":"product","link":"https:\/\/laser19.fr\/index.php\/produit\/lampe-led-effet-3d-deadpool\/","title":{"rendered":"Lampe led effet 3D Deadpool"},"content":{"rendered":"<p>Lampe led effet 3D Deadpool<\/p>\n<ul class=\"a-unordered-list a-vertical a-spacing-mini\">\n<li class=\"a-spacing-mini\"><span class=\"a-list-item\">Effet de Vision 3D Cr\u00e9atif &#8211; 9 ampoules LED dans la base en plastique ABS et la plaque en acrylique de 2 mm cr\u00e9ent une incroyable vision d&#8217;effet 3D. La lampe 2d ressemble \u00e0 une vraie veilleuse 3D. Lumi\u00e8re douce, ne fait pas mal aux yeux.<\/span><\/li>\n<li class=\"a-spacing-mini\"><span class=\"a-list-item\">7 Couleurs Changeantes Bouton Tactile Intelligent &#8211; Contr\u00f4le facile et rapide choisir entre 7 mode de couleur monochrome et 1 mode de couleur clignotant. La conception unique rend votre espace beaucoup plus personnel.<\/span><\/li>\n<li class=\"a-spacing-mini\"><span class=\"a-list-item\">C\u00e2ble USB\u00a0 &#8211; S\u00fbr et \u00e9conome en \u00e9nergie, compatible avec n&#8217;importe quel port d&#8217;alimentation USB, tel qu&#8217;un ordinateur portable, un ordinateur, une banque d&#8217;alimentation USB etc.<\/span><\/li>\n<li class=\"a-spacing-mini\"><span class=\"a-list-item\">Application Multiple &#8211; Lampe illusion optique pour enfants, chambre d&#8217;enfant, collection de jouets, ambiance romantique et d\u00e9coration int\u00e9rieure pour la maison, chambre, chambre d&#8217;enfant, salon, cuisine, bar, boutique, caf\u00e9, restaurant, bureau, mariage, f\u00eates, vacances et d\u00eeners.<\/span><\/li>\n<li class=\"a-spacing-mini\"><span class=\"a-list-item\">Cadeau Id\u00e9al &#8211; Grand cadeau pour No\u00ebl, anniversaire, vacances, festival, promotion etc. Cadeaux id\u00e9aux pour des enfants, des adolescents, des adultes, des familles, des amis, du petit ami, de la petite amie et des amants.<\/span><\/li>\n<\/ul>\n","protected":false},"excerpt":{"rendered":"<p>Lampe led effet 3D Deadpool<\/p>\n<ul class=\"a-unordered-list a-vertical a-spacing-mini\">\n<li class=\"a-spacing-mini\"><span class=\"a-list-item\">Effet de Vision 3D Cr\u00e9atif &#8211; 9 ampoules LED dans la base en plastique ABS et la plaque en acrylique de 2 mm cr\u00e9ent une incroyable vision d&#8217;effet 3D. La lampe 2d ressemble \u00e0 une vraie veilleuse 3D. Lumi\u00e8re douce, ne fait pas mal aux yeux.<\/span><\/li>\n<\/ul>\n","protected":false},"featured_media":270,"comment_status":"open","ping_status":"closed","template":"","meta":[],"product_brand":[],"product_cat":[25],"product_tag":[97,201,196,95,33,194,200,195],"class_list":{"0":"post-280","1":"product","2":"type-product","3":"status-publish","4":"has-post-thumbnail","6":"product_cat-lampe-led-3d","7":"product_tag-cinema","8":"product_tag-deadpool","9":"product_tag-effet-3d","10":"product_tag-film","11":"product_tag-gravure-laser","12":"product_tag-lampe-led","13":"product_tag-super-heros","14":"product_tag-veilleuse","15":"product_shipping_class-colissimo","17":"first","18":"instock","19":"shipping-taxable","20":"purchasable","21":"product-type-simple"},"jetpack_sharing_enabled":true,"_links":{"self":[{"href":"https:\/\/laser19.fr\/index.php\/wp-json\/wp\/v2\/product\/280","targetHints":{"allow":["GET"]}}],"collection":[{"href":"https:\/\/laser19.fr\/index.php\/wp-json\/wp\/v2\/product"}],"about":[{"href":"https:\/\/laser19.fr\/index.php\/wp-json\/wp\/v2\/types\/product"}],"replies":[{"embeddable":true,"href":"https:\/\/laser19.fr\/index.php\/wp-json\/wp\/v2\/comments?post=280"}],"wp:featuredmedia":[{"embeddable":true,"href":"https:\/\/laser19.fr\/index.php\/wp-json\/wp\/v2\/media\/270"}],"wp:attachment":[{"href":"https:\/\/laser19.fr\/index.php\/wp-json\/wp\/v2\/media?parent=280"}],"wp:term":[{"taxonomy":"product_brand","embeddable":true,"href":"https:\/\/laser19.fr\/index.php\/wp-json\/wp\/v2\/product_brand?post=280"},{"taxonomy":"product_cat","embeddable":true,"href":"https:\/\/laser19.fr\/index.php\/wp-json\/wp\/v2\/product_cat?post=280"},{"taxonomy":"product_tag","embeddable":true,"href":"https:\/\/laser19.fr\/index.php\/wp-json\/wp\/v2\/product_tag?post=280"}],"curies":[{"name":"wp","href":"https:\/\/api.w.org\/{rel}","templated":true}]}}