{"id":262,"date":"2023-11-17T15:51:15","date_gmt":"2023-11-17T14:51:15","guid":{"rendered":"https:\/\/laser19.fr\/?post_type=product&#038;p=262"},"modified":"2025-03-12T10:28:36","modified_gmt":"2025-03-12T09:28:36","slug":"decapsuleur-mural-correze","status":"publish","type":"product","link":"https:\/\/laser19.fr\/index.php\/produit\/decapsuleur-mural-correze\/","title":{"rendered":"D\u00e9capsuleur mural Correze"},"content":{"rendered":"<p>D\u00e9capsuleur\u00a0 mural\u00a0 en bois Corr\u00e8ze<\/p>\n<p>Avez vous deja gout\u00e9 les bi\u00e8res artisanales de Corr\u00e8ze ?<\/p>\n<p>Le d\u00e9capsuleur dispose d&#8217;un aimant puissant qui attrapera au vol toutes les capsules de bi\u00e8res.<\/p>\n<p>Ce d\u00e9capsuler mural a un design unique\u00a0 que vous ne trouverez nulle part ailleurs .<\/p>\n<p>Ce d\u00e9capsuleur pourra s&#8217;installer simplement sur un mur . il dispose de 3 trous permettant de le fixer durablement au mur avec des vis et chevilles.<\/p>\n<p>Ce d\u00e9capsuleur fera un d\u00e9coration utile et unique dans votre cuisine, salon ou bar de votre maison .<\/p>\n<p>Mati\u00e8re utilis\u00e9e : Contreplaqu\u00e9 de 5 mm d\u00e9coup\u00e9 au laser.<br \/>\nDimensions : 18 x 9 cm, \u00e9paisseur 10 mm<\/p>\n<p>Made in France<br \/>\nFabrication artisanale en Corr\u00e8ze<\/p>\n<p>Si vous d\u00e9sirez un d\u00e9capsuleur murale personnalis\u00e9e, une id\u00e9e de logo ou autre , n&#8217;h\u00e9sitez pas a nous contacter\u00a0 : Contact@laser19.fr<\/p>\n","protected":false},"excerpt":{"rendered":"<p>D\u00e9capsuleur\u00a0 mural\u00a0 en bois Corr\u00e8ze<\/p>\n<p>Avez vous deja gout\u00e9 les bi\u00e8res artisanales de Corr\u00e8ze ?<\/p>\n","protected":false},"featured_media":256,"comment_status":"open","ping_status":"closed","template":"","meta":[],"product_brand":[],"product_cat":[19],"product_tag":[110,160,161,190,193,159],"class_list":{"0":"post-262","1":"product","2":"type-product","3":"status-publish","4":"has-post-thumbnail","6":"product_cat-decapsuleurs-muraux","7":"product_tag-apero","8":"product_tag-biere","9":"product_tag-cannette","10":"product_tag-choppes","11":"product_tag-correze","12":"product_tag-decapsuleur-mural","13":"product_shipping_class-point-relais","15":"first","16":"instock","17":"shipping-taxable","18":"purchasable","19":"product-type-simple"},"jetpack_sharing_enabled":true,"_links":{"self":[{"href":"https:\/\/laser19.fr\/index.php\/wp-json\/wp\/v2\/product\/262","targetHints":{"allow":["GET"]}}],"collection":[{"href":"https:\/\/laser19.fr\/index.php\/wp-json\/wp\/v2\/product"}],"about":[{"href":"https:\/\/laser19.fr\/index.php\/wp-json\/wp\/v2\/types\/product"}],"replies":[{"embeddable":true,"href":"https:\/\/laser19.fr\/index.php\/wp-json\/wp\/v2\/comments?post=262"}],"wp:featuredmedia":[{"embeddable":true,"href":"https:\/\/laser19.fr\/index.php\/wp-json\/wp\/v2\/media\/256"}],"wp:attachment":[{"href":"https:\/\/laser19.fr\/index.php\/wp-json\/wp\/v2\/media?parent=262"}],"wp:term":[{"taxonomy":"product_brand","embeddable":true,"href":"https:\/\/laser19.fr\/index.php\/wp-json\/wp\/v2\/product_brand?post=262"},{"taxonomy":"product_cat","embeddable":true,"href":"https:\/\/laser19.fr\/index.php\/wp-json\/wp\/v2\/product_cat?post=262"},{"taxonomy":"product_tag","embeddable":true,"href":"https:\/\/laser19.fr\/index.php\/wp-json\/wp\/v2\/product_tag?post=262"}],"curies":[{"name":"wp","href":"https:\/\/api.w.org\/{rel}","templated":true}]}}