{"id":249,"date":"2023-11-17T15:08:30","date_gmt":"2023-11-17T14:08:30","guid":{"rendered":"https:\/\/laser19.fr\/?post_type=product&#038;p=249"},"modified":"2025-03-12T10:30:05","modified_gmt":"2025-03-12T09:30:05","slug":"pendentif-plaque-tete-de-mort","status":"publish","type":"product","link":"https:\/\/laser19.fr\/index.php\/produit\/pendentif-plaque-tete-de-mort\/","title":{"rendered":"Pendentif plaque t\u00eate de mort"},"content":{"rendered":"<p>Pendentif plaque avec t\u00eate de mort en acier inoxydable noir . Id\u00e9al d\u2019\u00eatre port\u00e9 avec d&#8217;autres colliers ou le porter seul pour un style classique et \u00e9l\u00e9gant.<\/p>\n<p>Ce pendentif a \u00e9t\u00e9 grav\u00e9e au laser pour cr\u00e9er se motif .<\/p>\n<p>Fabriqu\u00e9e par acier inoxydable noir , sans plomb et nickel<\/p>\n<p>Dimension\u00a0 49 cm x 28 cm , \u00e9paisseur 2mm .<\/p>\n<p>M\u00e9daille gravure claire ,il peut aussi \u00eatre un Porte-Cl\u00e9s. Ou \u00eatre utilis\u00e9 comme d\u00e9coration dans la voiture, accroch\u00e9e au r\u00e9troviseur, int\u00e9rieur, charmante amulette.<\/p>\n<p>Made in France<\/p>\n<p>Si vous d\u00e9sirez un pendentif personnalis\u00e9 avec un texte, un dessin ou une photo , n&#8217;h\u00e9sitez pas a nous contacter\u00a0 : Contact@laser19.fr<\/p>\n","protected":false},"excerpt":{"rendered":"<p>Pendentif plaque avec t\u00eate de mort en acier inoxydable noir . Id\u00e9al d\u2019\u00eatre port\u00e9 avec d&#8217;autres colliers ou le porter seul pour un style classique et \u00e9l\u00e9gant.<\/p>\n<p>&nbsp;<\/p>\n","protected":false},"featured_media":238,"comment_status":"open","ping_status":"closed","template":"","meta":[],"product_brand":[],"product_cat":[178],"product_tag":[182,183,184,164,33,180,179,181,187,137,138],"class_list":{"0":"post-249","1":"product","2":"type-product","3":"status-publish","4":"has-post-thumbnail","6":"product_cat-pendentifs","7":"product_tag-acier","8":"product_tag-bijoux","9":"product_tag-collier","10":"product_tag-corsaire","11":"product_tag-gravure-laser","12":"product_tag-medaille","13":"product_tag-pendentif","14":"product_tag-plaque","15":"product_tag-skull","16":"product_tag-squelette","17":"product_tag-tete-de-mort","18":"product_shipping_class-point-relais","20":"first","21":"instock","22":"shipping-taxable","23":"purchasable","24":"product-type-simple"},"jetpack_sharing_enabled":true,"_links":{"self":[{"href":"https:\/\/laser19.fr\/index.php\/wp-json\/wp\/v2\/product\/249","targetHints":{"allow":["GET"]}}],"collection":[{"href":"https:\/\/laser19.fr\/index.php\/wp-json\/wp\/v2\/product"}],"about":[{"href":"https:\/\/laser19.fr\/index.php\/wp-json\/wp\/v2\/types\/product"}],"replies":[{"embeddable":true,"href":"https:\/\/laser19.fr\/index.php\/wp-json\/wp\/v2\/comments?post=249"}],"wp:featuredmedia":[{"embeddable":true,"href":"https:\/\/laser19.fr\/index.php\/wp-json\/wp\/v2\/media\/238"}],"wp:attachment":[{"href":"https:\/\/laser19.fr\/index.php\/wp-json\/wp\/v2\/media?parent=249"}],"wp:term":[{"taxonomy":"product_brand","embeddable":true,"href":"https:\/\/laser19.fr\/index.php\/wp-json\/wp\/v2\/product_brand?post=249"},{"taxonomy":"product_cat","embeddable":true,"href":"https:\/\/laser19.fr\/index.php\/wp-json\/wp\/v2\/product_cat?post=249"},{"taxonomy":"product_tag","embeddable":true,"href":"https:\/\/laser19.fr\/index.php\/wp-json\/wp\/v2\/product_tag?post=249"}],"curies":[{"name":"wp","href":"https:\/\/api.w.org\/{rel}","templated":true}]}}