{"id":246,"date":"2023-11-17T14:57:21","date_gmt":"2023-11-17T13:57:21","guid":{"rendered":"https:\/\/laser19.fr\/?post_type=product&#038;p=246"},"modified":"2025-03-12T10:30:06","modified_gmt":"2025-03-12T09:30:06","slug":"pendentif-plaque-loup","status":"publish","type":"product","link":"https:\/\/laser19.fr\/index.php\/produit\/pendentif-plaque-loup\/","title":{"rendered":"Pendentif plaque loup"},"content":{"rendered":"<p>Pendentif plaque avec loup en acier inoxydable noir . Id\u00e9al d\u2019\u00eatre port\u00e9 avec d&#8217;autres colliers ou le porter seul pour un style classique et \u00e9l\u00e9gant.<\/p>\n<p>Ce pendentif a \u00e9t\u00e9 grav\u00e9e au laser pour cr\u00e9er se motif .<\/p>\n<p>Fabriqu\u00e9e par acier inoxydable noir , sans plomb et nickel<\/p>\n<p>Dimension\u00a0 49 cm x 28 cm , \u00e9paisseur 2mm .<\/p>\n<p>M\u00e9daille gravure claire ,il peut aussi \u00eatre un Porte-Cl\u00e9s. Ou \u00eatre utilis\u00e9 comme d\u00e9coration dans la voiture, accroch\u00e9e au r\u00e9troviseur, int\u00e9rieur, charmante amulette.<\/p>\n<p>Made in France<\/p>\n<p>Si vous d\u00e9sirez un pendentif personnalis\u00e9 avec un texte, un dessin ou une photo , n&#8217;h\u00e9sitez pas a nous contacter\u00a0 : Contact@laser19.fr<\/p>\n","protected":false},"excerpt":{"rendered":"<p>Pendentif plaque avec loup en acier inoxydable noir . Id\u00e9al d\u2019\u00eatre port\u00e9 avec d&#8217;autres colliers ou le porter seul pour un style classique et \u00e9l\u00e9gant.<\/p>\n<p>&nbsp;<\/p>\n","protected":false},"featured_media":242,"comment_status":"open","ping_status":"closed","template":"","meta":[],"product_brand":[],"product_cat":[178],"product_tag":[182,90,183,184,33,140,180,179,181],"class_list":{"0":"post-246","1":"product","2":"type-product","3":"status-publish","4":"has-post-thumbnail","6":"product_cat-pendentifs","7":"product_tag-acier","8":"product_tag-animaux","9":"product_tag-bijoux","10":"product_tag-collier","11":"product_tag-gravure-laser","12":"product_tag-loup","13":"product_tag-medaille","14":"product_tag-pendentif","15":"product_tag-plaque","16":"product_shipping_class-point-relais","18":"first","19":"instock","20":"shipping-taxable","21":"purchasable","22":"product-type-simple"},"jetpack_sharing_enabled":true,"_links":{"self":[{"href":"https:\/\/laser19.fr\/index.php\/wp-json\/wp\/v2\/product\/246","targetHints":{"allow":["GET"]}}],"collection":[{"href":"https:\/\/laser19.fr\/index.php\/wp-json\/wp\/v2\/product"}],"about":[{"href":"https:\/\/laser19.fr\/index.php\/wp-json\/wp\/v2\/types\/product"}],"replies":[{"embeddable":true,"href":"https:\/\/laser19.fr\/index.php\/wp-json\/wp\/v2\/comments?post=246"}],"wp:featuredmedia":[{"embeddable":true,"href":"https:\/\/laser19.fr\/index.php\/wp-json\/wp\/v2\/media\/242"}],"wp:attachment":[{"href":"https:\/\/laser19.fr\/index.php\/wp-json\/wp\/v2\/media?parent=246"}],"wp:term":[{"taxonomy":"product_brand","embeddable":true,"href":"https:\/\/laser19.fr\/index.php\/wp-json\/wp\/v2\/product_brand?post=246"},{"taxonomy":"product_cat","embeddable":true,"href":"https:\/\/laser19.fr\/index.php\/wp-json\/wp\/v2\/product_cat?post=246"},{"taxonomy":"product_tag","embeddable":true,"href":"https:\/\/laser19.fr\/index.php\/wp-json\/wp\/v2\/product_tag?post=246"}],"curies":[{"name":"wp","href":"https:\/\/api.w.org\/{rel}","templated":true}]}}