{"id":230,"date":"2023-11-16T23:15:42","date_gmt":"2023-11-16T22:15:42","guid":{"rendered":"https:\/\/laser19.fr\/?post_type=product&#038;p=230"},"modified":"2025-03-12T10:31:17","modified_gmt":"2025-03-12T09:31:17","slug":"porte-cles-mural-chats","status":"publish","type":"product","link":"https:\/\/laser19.fr\/index.php\/produit\/porte-cles-mural-chats\/","title":{"rendered":"Porte-cl\u00e9s mural chats"},"content":{"rendered":"<p>Porte-cl\u00e9s mural chat en bois<br \/>\nConception de chats dessin anim\u00e9, design r\u00e9tro et \u00e9l\u00e9gant. Convient pour la d\u00e9coration murale dans le salon, la cuisine, le bureau, etc. Il est \u00e9galement parfait comme cadeau pour la famille ou les amis.<br \/>\nMati\u00e8re utilis\u00e9e : Contreplaqu\u00e9 de 5 mm d\u00e9coup\u00e9 au laser. Vernis<\/p>\n<p>le porte-cl\u00e9s dispose de 5 crochets pour accrocher des cl\u00e9s, mais peut \u00e9galement accrocher des laisses de chien, des sacs, des bracelets, et peut \u00e9galement \u00eatre utilis\u00e9 comme crochets pour les v\u00eatements et les chapeaux. R\u00e9pondre pleinement \u00e0 vos diff\u00e9rents besoins quotidiens.<\/p>\n<p>Syst\u00e8me de fixation : Le porte-cl\u00e9s sefixe facilement au mur, grace a son crochet au dos .<\/p>\n<p>Dimensions : 36 cm x 20 cm, \u00e9paisseur 5 mm<\/p>\n<p>Made in France<br \/>\nFabrication artisanale en Corr\u00e8ze<\/p>\n<p>Si vous d\u00e9sirez un porte-cl\u00e9s mural personnalis\u00e9e,\u00a0 n&#8217;h\u00e9sitez pas a nous contacter\u00a0 : Contact@laser19.fr<\/p>\n","protected":false},"excerpt":{"rendered":"<p>Porte-cl\u00e9s mural chat en bois<\/p>\n","protected":false},"featured_media":234,"comment_status":"open","ping_status":"closed","template":"","meta":[],"product_brand":[],"product_cat":[22],"product_tag":[90,174,173,175,172],"class_list":{"0":"post-230","1":"product","2":"type-product","3":"status-publish","4":"has-post-thumbnail","6":"product_cat-porte-cles-muraux","7":"product_tag-animaux","8":"product_tag-chats","9":"product_tag-clef","10":"product_tag-decoration","11":"product_tag-porte-cles-mural","12":"product_shipping_class-point-relais","14":"first","15":"instock","16":"shipping-taxable","17":"purchasable","18":"product-type-simple"},"jetpack_sharing_enabled":true,"_links":{"self":[{"href":"https:\/\/laser19.fr\/index.php\/wp-json\/wp\/v2\/product\/230","targetHints":{"allow":["GET"]}}],"collection":[{"href":"https:\/\/laser19.fr\/index.php\/wp-json\/wp\/v2\/product"}],"about":[{"href":"https:\/\/laser19.fr\/index.php\/wp-json\/wp\/v2\/types\/product"}],"replies":[{"embeddable":true,"href":"https:\/\/laser19.fr\/index.php\/wp-json\/wp\/v2\/comments?post=230"}],"wp:featuredmedia":[{"embeddable":true,"href":"https:\/\/laser19.fr\/index.php\/wp-json\/wp\/v2\/media\/234"}],"wp:attachment":[{"href":"https:\/\/laser19.fr\/index.php\/wp-json\/wp\/v2\/media?parent=230"}],"wp:term":[{"taxonomy":"product_brand","embeddable":true,"href":"https:\/\/laser19.fr\/index.php\/wp-json\/wp\/v2\/product_brand?post=230"},{"taxonomy":"product_cat","embeddable":true,"href":"https:\/\/laser19.fr\/index.php\/wp-json\/wp\/v2\/product_cat?post=230"},{"taxonomy":"product_tag","embeddable":true,"href":"https:\/\/laser19.fr\/index.php\/wp-json\/wp\/v2\/product_tag?post=230"}],"curies":[{"name":"wp","href":"https:\/\/api.w.org\/{rel}","templated":true}]}}