{"id":207,"date":"2023-11-13T21:27:02","date_gmt":"2023-11-13T20:27:02","guid":{"rendered":"https:\/\/laser19.fr\/?post_type=product&#038;p=207"},"modified":"2025-03-13T11:12:05","modified_gmt":"2025-03-13T10:12:05","slug":"dessous-de-verre-arbre-de-vie","status":"publish","type":"product","link":"https:\/\/laser19.fr\/index.php\/produit\/dessous-de-verre-arbre-de-vie\/","title":{"rendered":"Dessous de verre Arbre de vie"},"content":{"rendered":"<p>Ensemble de 6 dessous de verre Arbre de vie en li\u00e8ge de 9 cm de diam\u00e8tre<\/p>\n<p>6 dessous de verres Arbre de vie comprenant 3 series de 2 dessous de verre.<\/p>\n<p>Ces dessous de verre a \u00e9t\u00e9 grav\u00e9e au laser pour cr\u00e9er ces motifs.<\/p>\n<p>Les dessous de verre en li\u00e8ge sont une option \u00e9cologique et durable pour prot\u00e9ger votre table des taches et des rayures.<\/p>\n<p>Ce dessous de table a \u00e9t\u00e9 r\u00e9alis\u00e9 de fa\u00e7on artisanale dans notre atelier en Corr\u00e8ze .<\/p>\n<p>Made in France<\/p>\n<p>Si vous d\u00e9sirez des dessous de verre personnalis\u00e9 avec un texte, un dessin ou une photo , n&#8217;h\u00e9sitez pas a nous contacter\u00a0 : Contact@laser19.fr<\/p>\n","protected":false},"excerpt":{"rendered":"<p>Ensemble de 6 dessous de verre Arbre de vie en li\u00e8ge de 9 cm de diam\u00e8tre<\/p>\n<p>6 dessous de verres Arbre de vie comprenant 3 series de 2 dessous de verre.<\/p>\n<p>&nbsp;<\/p>\n","protected":false},"featured_media":185,"comment_status":"open","ping_status":"closed","template":"","meta":[],"product_brand":[],"product_cat":[275,23],"product_tag":[99,145,143,33,144],"class_list":{"0":"post-207","1":"product","2":"type-product","3":"status-publish","4":"has-post-thumbnail","6":"product_cat-dessous-de-verre-liege","7":"product_cat-dessous-de-verres","8":"product_tag-arbre-de-vie","9":"product_tag-bois","10":"product_tag-dessous-de-verre","11":"product_tag-gravure-laser","12":"product_tag-liege","13":"product_shipping_class-point-relais","15":"first","16":"instock","17":"shipping-taxable","18":"purchasable","19":"product-type-simple"},"jetpack_sharing_enabled":true,"_links":{"self":[{"href":"https:\/\/laser19.fr\/index.php\/wp-json\/wp\/v2\/product\/207","targetHints":{"allow":["GET"]}}],"collection":[{"href":"https:\/\/laser19.fr\/index.php\/wp-json\/wp\/v2\/product"}],"about":[{"href":"https:\/\/laser19.fr\/index.php\/wp-json\/wp\/v2\/types\/product"}],"replies":[{"embeddable":true,"href":"https:\/\/laser19.fr\/index.php\/wp-json\/wp\/v2\/comments?post=207"}],"wp:featuredmedia":[{"embeddable":true,"href":"https:\/\/laser19.fr\/index.php\/wp-json\/wp\/v2\/media\/185"}],"wp:attachment":[{"href":"https:\/\/laser19.fr\/index.php\/wp-json\/wp\/v2\/media?parent=207"}],"wp:term":[{"taxonomy":"product_brand","embeddable":true,"href":"https:\/\/laser19.fr\/index.php\/wp-json\/wp\/v2\/product_brand?post=207"},{"taxonomy":"product_cat","embeddable":true,"href":"https:\/\/laser19.fr\/index.php\/wp-json\/wp\/v2\/product_cat?post=207"},{"taxonomy":"product_tag","embeddable":true,"href":"https:\/\/laser19.fr\/index.php\/wp-json\/wp\/v2\/product_tag?post=207"}],"curies":[{"name":"wp","href":"https:\/\/api.w.org\/{rel}","templated":true}]}}