{"id":161,"date":"2023-11-13T12:34:14","date_gmt":"2023-11-13T11:34:14","guid":{"rendered":"https:\/\/laser19.fr\/?post_type=product&#038;p=161"},"modified":"2025-03-12T10:34:32","modified_gmt":"2025-03-12T09:34:32","slug":"gravure-sur-toile-ac-dc","status":"publish","type":"product","link":"https:\/\/laser19.fr\/index.php\/produit\/gravure-sur-toile-ac-dc\/","title":{"rendered":"Gravure sur toile AC \/ DC"},"content":{"rendered":"<p>Gravure sur toile de 25 cm x 25 cm caricature AC\/DC<\/p>\n<p>Cette toile a \u00e9t\u00e9 grav\u00e9e au laser pour cr\u00e9er AC \/ DC d&#8217;apr\u00e8s une photo.<\/p>\n<p>Cette toile peut s&#8217;accrocher a un mur tr\u00e8s facilement gr\u00e2ce a son crochet au dos . Tr\u00e8s l\u00e9gere cette toile n&#8217;a besoin que d&#8217;un clou pour \u00eatre accroch\u00e9e au mur .<\/p>\n<p>Une gravure sur toile apporte\u00a0 une ambiance individuelle dans n&#8217;importe quelle pi\u00e8ce de la maison .<\/p>\n<p>Cette toile grav\u00e9e a \u00e9t\u00e9 r\u00e9alis\u00e9 de fa\u00e7on artisanale dans notre atelier en Corr\u00e8ze .<\/p>\n<p>Made in France<\/p>\n<p>Si vous d\u00e9sirez une gravure sur toile personnalis\u00e9 avec un texte, un dessin ou une photo , n&#8217;h\u00e9sitez pas a nous contacter\u00a0 : Contact@laser19.fr<\/p>\n<p>&nbsp;<\/p>\n","protected":false},"excerpt":{"rendered":"<p>Gravure sur toile de 25 cm x 25 cm caricature AC\/DC<\/p>\n<p>Cette toile a \u00e9t\u00e9 grav\u00e9e au laser pour cr\u00e9er AC \/ DC d&#8217;apr\u00e8s une photo.<\/p>\n","protected":false},"featured_media":157,"comment_status":"open","ping_status":"closed","template":"","meta":[],"product_brand":[],"product_cat":[20],"product_tag":[120,125,112,33,123,122,124,121,113],"class_list":{"0":"post-161","1":"product","2":"type-product","3":"status-publish","4":"has-post-thumbnail","6":"product_cat-gravure-sur-toile","7":"product_tag-acdc","8":"product_tag-caricature","9":"product_tag-gravure","10":"product_tag-gravure-laser","11":"product_tag-groupe","12":"product_tag-hard-rock","13":"product_tag-musique","14":"product_tag-rock","15":"product_tag-toile","16":"product_shipping_class-point-relais","18":"first","19":"instock","20":"shipping-taxable","21":"purchasable","22":"product-type-simple"},"jetpack_sharing_enabled":true,"_links":{"self":[{"href":"https:\/\/laser19.fr\/index.php\/wp-json\/wp\/v2\/product\/161","targetHints":{"allow":["GET"]}}],"collection":[{"href":"https:\/\/laser19.fr\/index.php\/wp-json\/wp\/v2\/product"}],"about":[{"href":"https:\/\/laser19.fr\/index.php\/wp-json\/wp\/v2\/types\/product"}],"replies":[{"embeddable":true,"href":"https:\/\/laser19.fr\/index.php\/wp-json\/wp\/v2\/comments?post=161"}],"wp:featuredmedia":[{"embeddable":true,"href":"https:\/\/laser19.fr\/index.php\/wp-json\/wp\/v2\/media\/157"}],"wp:attachment":[{"href":"https:\/\/laser19.fr\/index.php\/wp-json\/wp\/v2\/media?parent=161"}],"wp:term":[{"taxonomy":"product_brand","embeddable":true,"href":"https:\/\/laser19.fr\/index.php\/wp-json\/wp\/v2\/product_brand?post=161"},{"taxonomy":"product_cat","embeddable":true,"href":"https:\/\/laser19.fr\/index.php\/wp-json\/wp\/v2\/product_cat?post=161"},{"taxonomy":"product_tag","embeddable":true,"href":"https:\/\/laser19.fr\/index.php\/wp-json\/wp\/v2\/product_tag?post=161"}],"curies":[{"name":"wp","href":"https:\/\/api.w.org\/{rel}","templated":true}]}}