{"id":133,"date":"2023-11-12T21:49:00","date_gmt":"2023-11-12T20:49:00","guid":{"rendered":"https:\/\/laser19.fr\/?post_type=product&#038;p=133"},"modified":"2025-03-12T10:34:34","modified_gmt":"2025-03-12T09:34:34","slug":"dessous-de-plat-ardoise-lotus","status":"publish","type":"product","link":"https:\/\/laser19.fr\/index.php\/produit\/dessous-de-plat-ardoise-lotus\/","title":{"rendered":"Dessous de plat ardoise Lotus"},"content":{"rendered":"<p>Dessous de plat en ardoise de 20 cm de diam\u00e8tre avec un motif Lotus .<\/p>\n<p>Cette ardoise a \u00e9t\u00e9 grav\u00e9e au laser pour cr\u00e9er se motif .<\/p>\n<p>Ce dessous de plat est fabriqu\u00e9 en ardoise et est \u00e9quip\u00e9 de 4 pieds antid\u00e9rapants pour prot\u00e9ger votre table et votre plan de travail contre les rayures et la chaleur. Il est \u00e9galement dot\u00e9 d\u2019un design esth\u00e9tique qui apporte une ambiance individuelle \u00e0 chaque cuisine et \u00e0 chaque table.<\/p>\n<p>Ce dessous de table a \u00e9t\u00e9 r\u00e9alis\u00e9 de facon artisanale dans notre atelier en Corr\u00e8ze .<\/p>\n<p>Made in France<\/p>\n<p>Si vous d\u00e9sirez un dessous de plat personnalis\u00e9 avec un texte, un dessin ou une photo , n&#8217;h\u00e9sitez pas a nous contacter\u00a0 : Contact@laser19.fr<\/p>\n","protected":false},"excerpt":{"rendered":"<p>Dessous de plat en ardoise de 20 cm de diam\u00e8tre avec un motif Lotus.<\/p>\n<p>Cette ardoise a \u00e9t\u00e9 grav\u00e9e au laser pour cr\u00e9er se motif .<\/p>\n<p>&nbsp;<\/p>\n","protected":false},"featured_media":124,"comment_status":"open","ping_status":"closed","template":"","meta":[],"product_brand":[],"product_cat":[29],"product_tag":[31,30,33,103,104],"class_list":{"0":"post-133","1":"product","2":"type-product","3":"status-publish","4":"has-post-thumbnail","6":"product_cat-dessous-de-plats","7":"product_tag-ardoise","8":"product_tag-dessous-de-plat","9":"product_tag-gravure-laser","10":"product_tag-lotus","11":"product_tag-zen","12":"product_shipping_class-colissimo","14":"first","15":"instock","16":"shipping-taxable","17":"purchasable","18":"product-type-simple"},"jetpack_sharing_enabled":true,"_links":{"self":[{"href":"https:\/\/laser19.fr\/index.php\/wp-json\/wp\/v2\/product\/133","targetHints":{"allow":["GET"]}}],"collection":[{"href":"https:\/\/laser19.fr\/index.php\/wp-json\/wp\/v2\/product"}],"about":[{"href":"https:\/\/laser19.fr\/index.php\/wp-json\/wp\/v2\/types\/product"}],"replies":[{"embeddable":true,"href":"https:\/\/laser19.fr\/index.php\/wp-json\/wp\/v2\/comments?post=133"}],"wp:featuredmedia":[{"embeddable":true,"href":"https:\/\/laser19.fr\/index.php\/wp-json\/wp\/v2\/media\/124"}],"wp:attachment":[{"href":"https:\/\/laser19.fr\/index.php\/wp-json\/wp\/v2\/media?parent=133"}],"wp:term":[{"taxonomy":"product_brand","embeddable":true,"href":"https:\/\/laser19.fr\/index.php\/wp-json\/wp\/v2\/product_brand?post=133"},{"taxonomy":"product_cat","embeddable":true,"href":"https:\/\/laser19.fr\/index.php\/wp-json\/wp\/v2\/product_cat?post=133"},{"taxonomy":"product_tag","embeddable":true,"href":"https:\/\/laser19.fr\/index.php\/wp-json\/wp\/v2\/product_tag?post=133"}],"curies":[{"name":"wp","href":"https:\/\/api.w.org\/{rel}","templated":true}]}}