{"id":120,"date":"2023-11-12T16:28:36","date_gmt":"2023-11-12T15:28:36","guid":{"rendered":"https:\/\/laser19.fr\/?post_type=product&#038;p=120"},"modified":"2023-11-18T22:59:00","modified_gmt":"2023-11-18T21:59:00","slug":"horloge-murale-chouette-2","status":"publish","type":"product","link":"https:\/\/laser19.fr\/index.php\/produit\/horloge-murale-chouette-2\/","title":{"rendered":"Horloge murale chouette"},"content":{"rendered":"<p>Horloge murale originale en bois avec un th\u00e8me de chouette . Fabriqu\u00e9e par d\u00e9coupe laser .<\/p>\n<p>Cette horloge fonctionne avec un m\u00e9canisme silencieux utilisant une pile AA non fournie .<br \/>\nCette horloge allie l&#8217;utilit\u00e9 et une d\u00e9coration originale qui habillera agr\u00e9ablement un des murs de votre salon , salle de jeux ou la chambre d&#8217;un enfant . Elle a un cot\u00e9 nature qui passe partout .<br \/>\nL&#8217;horloge murale chouette s&#8217;accroche facilement a un mur . Elle peut \u00eatre soutenue dans probl\u00e8me par un clou .<br \/>\nCette horloge est r\u00e9alis\u00e9e en d\u00e9coupe laser artisanalement dans notre atelier en Corr\u00e8ze.<\/p>\n<p>Dimension : 29 cm x 38 cm<br \/>\n\u00e9paisseur totale avec les aiguilles 10 mm<\/p>\n<p>Si vous une id\u00e9e d&#8217;une horloge murale personnalis\u00e9e avec un th\u00e8me sp\u00e9cifique\u00a0 , n&#8217;h\u00e9sitez pas a nous contacter\u00a0 : Contact@laser19.fr<\/p>\n","protected":false},"excerpt":{"rendered":"<p>Horloge murale originale en bois avec un th\u00e8me chouette<\/p>\n","protected":false},"featured_media":108,"comment_status":"open","ping_status":"closed","template":"","meta":[],"product_brand":[],"product_cat":[18],"product_tag":[90,86,36,77,70,87,88,71],"class_list":{"0":"post-120","1":"product","2":"type-product","3":"status-publish","4":"has-post-thumbnail","6":"product_cat-horloges-murale","7":"product_tag-animaux","8":"product_tag-chouette","9":"product_tag-decoration-murale","10":"product_tag-decoupe-laser","11":"product_tag-horloge","12":"product_tag-nature","13":"product_tag-oiseaux","14":"product_tag-pendule","15":"product_shipping_class-point-relais","17":"first","18":"instock","19":"shipping-taxable","20":"purchasable","21":"product-type-simple"},"jetpack_sharing_enabled":true,"_links":{"self":[{"href":"https:\/\/laser19.fr\/index.php\/wp-json\/wp\/v2\/product\/120","targetHints":{"allow":["GET"]}}],"collection":[{"href":"https:\/\/laser19.fr\/index.php\/wp-json\/wp\/v2\/product"}],"about":[{"href":"https:\/\/laser19.fr\/index.php\/wp-json\/wp\/v2\/types\/product"}],"replies":[{"embeddable":true,"href":"https:\/\/laser19.fr\/index.php\/wp-json\/wp\/v2\/comments?post=120"}],"wp:featuredmedia":[{"embeddable":true,"href":"https:\/\/laser19.fr\/index.php\/wp-json\/wp\/v2\/media\/108"}],"wp:attachment":[{"href":"https:\/\/laser19.fr\/index.php\/wp-json\/wp\/v2\/media?parent=120"}],"wp:term":[{"taxonomy":"product_brand","embeddable":true,"href":"https:\/\/laser19.fr\/index.php\/wp-json\/wp\/v2\/product_brand?post=120"},{"taxonomy":"product_cat","embeddable":true,"href":"https:\/\/laser19.fr\/index.php\/wp-json\/wp\/v2\/product_cat?post=120"},{"taxonomy":"product_tag","embeddable":true,"href":"https:\/\/laser19.fr\/index.php\/wp-json\/wp\/v2\/product_tag?post=120"}],"curies":[{"name":"wp","href":"https:\/\/api.w.org\/{rel}","templated":true}]}}