{"id":119,"date":"2023-11-12T00:32:06","date_gmt":"2023-11-11T23:32:06","guid":{"rendered":"https:\/\/laser19.fr\/?post_type=product&#038;p=119"},"modified":"2023-11-18T22:58:35","modified_gmt":"2023-11-18T21:58:35","slug":"horloge-murale-batman-and-cie","status":"publish","type":"product","link":"https:\/\/laser19.fr\/index.php\/produit\/horloge-murale-batman-and-cie\/","title":{"rendered":"Horloge murale Batman and cie"},"content":{"rendered":"<p>Horloge murale originale en bois avec pour th\u00e8me Batman et ses acolytes . Fabriqu\u00e9e par d\u00e9coupe laser . Cette. horloge fonctionne avec un m\u00e9canisme silencieux utilisant une pile AA non fournie .<br \/>\nCette horloge allie l&#8217;utilit\u00e9 et une d\u00e9coration originale qui peut s&#8217;afficher dans n&#8217;importe quelle pi\u00e8ce de la maison comme une chambre d&#8217;enfant, un salon ou une salle de jeux<br \/>\nL&#8217;horloge murale Batman\u00a0 s&#8217;accroche facilement a un mur . Elle peut \u00eatre soutenue dans probl\u00e8me par un clou .<br \/>\nCette horloge est r\u00e9alis\u00e9e en d\u00e9coupe laser artisanalement dans notre atelier en Corr\u00e8ze.<\/p>\n<p>Dimension :\u00a0 36 cm x 23 cm<br \/>\n\u00e9paisseur totale avec les aiguilles 10 mm<\/p>\n<p>Si vous une id\u00e9e d&#8217;une horloge murale personnalis\u00e9e avec un th\u00e8me sp\u00e9cifique\u00a0 , n&#8217;h\u00e9sitez pas a nous contacter\u00a0 : Contact@laser19.fr<\/p>\n","protected":false},"excerpt":{"rendered":"<p>Horloge murale originale en bois avec un th\u00e8me sur Batman et ses acolytes<\/p>\n","protected":false},"featured_media":174,"comment_status":"open","ping_status":"closed","template":"","meta":[],"product_brand":[],"product_cat":[18],"product_tag":[74,98,75,97,36,77,76,95,70,40,71,96],"class_list":{"0":"post-119","1":"product","2":"type-product","3":"status-publish","4":"has-post-thumbnail","6":"product_cat-horloges-murale","7":"product_tag-bande-dessinee","8":"product_tag-batman","9":"product_tag-bd","10":"product_tag-cinema","11":"product_tag-decoration-murale","12":"product_tag-decoupe-laser","13":"product_tag-dessin-anime","14":"product_tag-film","15":"product_tag-horloge","16":"product_tag-marvels","17":"product_tag-pendule","18":"product_tag-sicence-fiction","19":"product_shipping_class-point-relais","21":"first","22":"instock","23":"shipping-taxable","24":"purchasable","25":"product-type-simple"},"jetpack_sharing_enabled":true,"_links":{"self":[{"href":"https:\/\/laser19.fr\/index.php\/wp-json\/wp\/v2\/product\/119","targetHints":{"allow":["GET"]}}],"collection":[{"href":"https:\/\/laser19.fr\/index.php\/wp-json\/wp\/v2\/product"}],"about":[{"href":"https:\/\/laser19.fr\/index.php\/wp-json\/wp\/v2\/types\/product"}],"replies":[{"embeddable":true,"href":"https:\/\/laser19.fr\/index.php\/wp-json\/wp\/v2\/comments?post=119"}],"wp:featuredmedia":[{"embeddable":true,"href":"https:\/\/laser19.fr\/index.php\/wp-json\/wp\/v2\/media\/174"}],"wp:attachment":[{"href":"https:\/\/laser19.fr\/index.php\/wp-json\/wp\/v2\/media?parent=119"}],"wp:term":[{"taxonomy":"product_brand","embeddable":true,"href":"https:\/\/laser19.fr\/index.php\/wp-json\/wp\/v2\/product_brand?post=119"},{"taxonomy":"product_cat","embeddable":true,"href":"https:\/\/laser19.fr\/index.php\/wp-json\/wp\/v2\/product_cat?post=119"},{"taxonomy":"product_tag","embeddable":true,"href":"https:\/\/laser19.fr\/index.php\/wp-json\/wp\/v2\/product_tag?post=119"}],"curies":[{"name":"wp","href":"https:\/\/api.w.org\/{rel}","templated":true}]}}