{"id":117,"date":"2023-11-12T00:15:24","date_gmt":"2023-11-11T23:15:24","guid":{"rendered":"https:\/\/laser19.fr\/?post_type=product&#038;p=117"},"modified":"2025-03-12T10:37:46","modified_gmt":"2025-03-12T09:37:46","slug":"horloge-murale-star-wars","status":"publish","type":"product","link":"https:\/\/laser19.fr\/index.php\/produit\/horloge-murale-star-wars\/","title":{"rendered":"Horloge murale Star Wars"},"content":{"rendered":"<p>Horloge murale originale en bois avec pour th\u00e8me Star Wars. Fabriqu\u00e9e par d\u00e9coupe laser . Cette. horloge fonctionne avec un m\u00e9canisme silencieux utilisant une pile AA non fournie .<br \/>\nCette horloge allie l&#8217;utilit\u00e9 et une d\u00e9coration originale qui peut s&#8217;afficher dans n&#8217;importe quelle pi\u00e8ce de la maison comme une chambre d&#8217;enfant, un salon ou une salle de jeux<br \/>\nL&#8217;horloge murale Star Wars s&#8217;accroche facilement a un mur . Elle peut \u00eatre soutenue dans probl\u00e8me par un clou .<br \/>\nCette horloge est r\u00e9alis\u00e9e en d\u00e9coupe laser artisanalement dans notre atelier en Corr\u00e8ze.<\/p>\n<p>Dimension : 32,5 cm x 35,5 cm<br \/>\n\u00e9paisseur totale avec les aiguilles 10 mm<\/p>\n<p>Si vous une id\u00e9e d&#8217;une horloge murale personnalis\u00e9e avec un th\u00e8me sp\u00e9cifique\u00a0 , n&#8217;h\u00e9sitez pas a nous contacter\u00a0 : Contact@laser19.fr<\/p>\n","protected":false},"excerpt":{"rendered":"<p>Horloge murale originale en bois avec un th\u00e8me sur Star Wars<\/p>\n","protected":false},"featured_media":113,"comment_status":"open","ping_status":"closed","template":"","meta":[],"product_brand":[],"product_cat":[18],"product_tag":[97,36,77,95,70,71,96,94],"class_list":{"0":"post-117","1":"product","2":"type-product","3":"status-publish","4":"has-post-thumbnail","6":"product_cat-horloges-murale","7":"product_tag-cinema","8":"product_tag-decoration-murale","9":"product_tag-decoupe-laser","10":"product_tag-film","11":"product_tag-horloge","12":"product_tag-pendule","13":"product_tag-sicence-fiction","14":"product_tag-star-wars","15":"product_shipping_class-point-relais","17":"first","18":"instock","19":"shipping-taxable","20":"purchasable","21":"product-type-simple"},"jetpack_sharing_enabled":true,"_links":{"self":[{"href":"https:\/\/laser19.fr\/index.php\/wp-json\/wp\/v2\/product\/117","targetHints":{"allow":["GET"]}}],"collection":[{"href":"https:\/\/laser19.fr\/index.php\/wp-json\/wp\/v2\/product"}],"about":[{"href":"https:\/\/laser19.fr\/index.php\/wp-json\/wp\/v2\/types\/product"}],"replies":[{"embeddable":true,"href":"https:\/\/laser19.fr\/index.php\/wp-json\/wp\/v2\/comments?post=117"}],"wp:featuredmedia":[{"embeddable":true,"href":"https:\/\/laser19.fr\/index.php\/wp-json\/wp\/v2\/media\/113"}],"wp:attachment":[{"href":"https:\/\/laser19.fr\/index.php\/wp-json\/wp\/v2\/media?parent=117"}],"wp:term":[{"taxonomy":"product_brand","embeddable":true,"href":"https:\/\/laser19.fr\/index.php\/wp-json\/wp\/v2\/product_brand?post=117"},{"taxonomy":"product_cat","embeddable":true,"href":"https:\/\/laser19.fr\/index.php\/wp-json\/wp\/v2\/product_cat?post=117"},{"taxonomy":"product_tag","embeddable":true,"href":"https:\/\/laser19.fr\/index.php\/wp-json\/wp\/v2\/product_tag?post=117"}],"curies":[{"name":"wp","href":"https:\/\/api.w.org\/{rel}","templated":true}]}}